{"id":290848,"date":"2026-01-14T23:44:40","date_gmt":"2026-01-14T20:44:40","guid":{"rendered":"https:\/\/baldumarket.lt\/product\/mebloscianka-switch-iv-bialy-grafit-asm\/"},"modified":"2026-02-11T18:16:27","modified_gmt":"2026-02-11T15:16:27","slug":"mebloscianka-switch-iv-bialy-grafit-asm","status":"publish","type":"product","link":"https:\/\/baldumarket.lt\/lt\/product\/mebloscianka-switch-iv-bialy-grafit-asm\/","title":{"rendered":"\u201eSwitch IV\u201c sienin\u0117 spintel\u0117, balta\/grafito spalvos ASM"},"content":{"rendered":"<p>4 x Vitrinos: Viengubos durel\u0117s, u\u017e kuri\u0173 yra viena standartin\u0117 lentyna (2 vietos). RTV spintel\u0117: Varstoma ir atidaroma durel\u0117mis, u\u017e kuri\u0173 yra 3 skyriai. 2 lentynos. Korpusai su ABS apvadais, PVC fasadai su spustel\u0117jimu atidaromomis durel\u0117mis. Universalus dureli\u0173 tvirtinimas.<\/p>","protected":false},"excerpt":{"rendered":"<p>Plotis (cm): 320<br \/>\n\u016agis (cm): 150<br \/>\nGylis (cm): 40<\/p>","protected":false},"featured_media":290849,"comment_status":"open","ping_status":"open","template":"","meta":[],"product_brand":[],"product_cat":[9202,2008],"product_tag":[],"class_list":{"0":"post-290848","1":"product","2":"type-product","3":"status-publish","4":"has-post-thumbnail","6":"product_cat-asm","7":"product_cat-wall-units","9":"first","10":"instock","11":"purchasable","12":"product-type-simple"},"_links":{"self":[{"href":"https:\/\/baldumarket.lt\/lt\/wp-json\/wp\/v2\/product\/290848","targetHints":{"allow":["GET"]}}],"collection":[{"href":"https:\/\/baldumarket.lt\/lt\/wp-json\/wp\/v2\/product"}],"about":[{"href":"https:\/\/baldumarket.lt\/lt\/wp-json\/wp\/v2\/types\/product"}],"replies":[{"embeddable":true,"href":"https:\/\/baldumarket.lt\/lt\/wp-json\/wp\/v2\/comments?post=290848"}],"wp:featuredmedia":[{"embeddable":true,"href":"https:\/\/baldumarket.lt\/lt\/wp-json\/wp\/v2\/media\/290849"}],"wp:attachment":[{"href":"https:\/\/baldumarket.lt\/lt\/wp-json\/wp\/v2\/media?parent=290848"}],"wp:term":[{"taxonomy":"product_brand","embeddable":true,"href":"https:\/\/baldumarket.lt\/lt\/wp-json\/wp\/v2\/product_brand?post=290848"},{"taxonomy":"product_cat","embeddable":true,"href":"https:\/\/baldumarket.lt\/lt\/wp-json\/wp\/v2\/product_cat?post=290848"},{"taxonomy":"product_tag","embeddable":true,"href":"https:\/\/baldumarket.lt\/lt\/wp-json\/wp\/v2\/product_tag?post=290848"}],"curies":[{"name":"wp","href":"https:\/\/api.w.org\/{rel}","templated":true}]}}