{"id":290768,"date":"2026-01-14T23:43:28","date_gmt":"2026-01-14T20:43:28","guid":{"rendered":"https:\/\/baldumarket.lt\/product\/mebloscianka-switch-ix-wotan-czarny-asm\/"},"modified":"2026-02-11T18:16:29","modified_gmt":"2026-02-11T15:16:29","slug":"mebloscianka-switch-ix-wotan-czarny-asm","status":"publish","type":"product","link":"https:\/\/baldumarket.lt\/lt\/product\/mebloscianka-switch-ix-wotan-czarny-asm\/","title":{"rendered":"\u201eSwitch IX\u201c sienin\u0117 spintel\u0117, wotan\/juoda ASM"},"content":{"rendered":"<p>4 dur\u0173 kvadratin\u0117 sienin\u0117 spintel\u0117 su vienomis durel\u0117mis \u2013 1 lentyna viduje. 2 dur\u0173 sienin\u0117 televizoriaus spintel\u0117 su vienu atvartu \u2013 2 skyriai viduje. Frezuotas priekis. 1 lentyna komplekte. Durel\u0117s su spragtel\u0117jimu. Universalus tvirtinimas.<\/p>","protected":false},"excerpt":{"rendered":"<p>Plotis (cm): 310<br \/>\n\u016agis (cm): 200<br \/>\nGylis (cm): 40<\/p>","protected":false},"featured_media":290769,"comment_status":"open","ping_status":"open","template":"","meta":[],"product_brand":[],"product_cat":[9202,2008],"product_tag":[],"class_list":{"0":"post-290768","1":"product","2":"type-product","3":"status-publish","4":"has-post-thumbnail","6":"product_cat-asm","7":"product_cat-wall-units","9":"first","10":"instock","11":"purchasable","12":"product-type-simple"},"_links":{"self":[{"href":"https:\/\/baldumarket.lt\/lt\/wp-json\/wp\/v2\/product\/290768","targetHints":{"allow":["GET"]}}],"collection":[{"href":"https:\/\/baldumarket.lt\/lt\/wp-json\/wp\/v2\/product"}],"about":[{"href":"https:\/\/baldumarket.lt\/lt\/wp-json\/wp\/v2\/types\/product"}],"replies":[{"embeddable":true,"href":"https:\/\/baldumarket.lt\/lt\/wp-json\/wp\/v2\/comments?post=290768"}],"wp:featuredmedia":[{"embeddable":true,"href":"https:\/\/baldumarket.lt\/lt\/wp-json\/wp\/v2\/media\/290769"}],"wp:attachment":[{"href":"https:\/\/baldumarket.lt\/lt\/wp-json\/wp\/v2\/media?parent=290768"}],"wp:term":[{"taxonomy":"product_brand","embeddable":true,"href":"https:\/\/baldumarket.lt\/lt\/wp-json\/wp\/v2\/product_brand?post=290768"},{"taxonomy":"product_cat","embeddable":true,"href":"https:\/\/baldumarket.lt\/lt\/wp-json\/wp\/v2\/product_cat?post=290768"},{"taxonomy":"product_tag","embeddable":true,"href":"https:\/\/baldumarket.lt\/lt\/wp-json\/wp\/v2\/product_tag?post=290768"}],"curies":[{"name":"wp","href":"https:\/\/api.w.org\/{rel}","templated":true}]}}