{"id":290762,"date":"2026-01-14T23:43:23","date_gmt":"2026-01-14T20:43:23","guid":{"rendered":"https:\/\/baldumarket.lt\/product\/mebloscianka-switch-ix-wotan-grafit-sw9-asm\/"},"modified":"2026-02-11T18:16:30","modified_gmt":"2026-02-11T15:16:30","slug":"mebloscianka-switch-ix-wotan-grafit-sw9-asm","status":"publish","type":"product","link":"https:\/\/baldumarket.lt\/lt\/product\/mebloscianka-switch-ix-wotan-grafit-sw9-asm\/","title":{"rendered":"\u201eSwitch IX\u201c sieninis blokas wotan\/grafitas SW9 ASM"},"content":{"rendered":"<p>2 x TV\/radijo demonstraciniai \u012frenginiai: atver\u010diamas dangtis su 2 skyriais u\u017e jo. 4 x demonstraciniai \u012frenginiai: viengubos durel\u0117s su viena lentyna u\u017e j\u0173 (2 skyriai). 1 lentyna. Korpusai su ABS apvadais, PVC priekiai su spustel\u0117jimu atidaromu atidarymu. Universalus dureli\u0173 tvirtinimas.<\/p>","protected":false},"excerpt":{"rendered":"<p>Plotis (cm): 310<br \/>\n\u016agis (cm): 200<br \/>\nGylis (cm): 40<\/p>","protected":false},"featured_media":290763,"comment_status":"open","ping_status":"open","template":"","meta":[],"product_brand":[],"product_cat":[9202,2008],"product_tag":[],"class_list":{"0":"post-290762","1":"product","2":"type-product","3":"status-publish","4":"has-post-thumbnail","6":"product_cat-asm","7":"product_cat-wall-units","9":"first","10":"instock","11":"purchasable","12":"product-type-simple"},"_links":{"self":[{"href":"https:\/\/baldumarket.lt\/lt\/wp-json\/wp\/v2\/product\/290762","targetHints":{"allow":["GET"]}}],"collection":[{"href":"https:\/\/baldumarket.lt\/lt\/wp-json\/wp\/v2\/product"}],"about":[{"href":"https:\/\/baldumarket.lt\/lt\/wp-json\/wp\/v2\/types\/product"}],"replies":[{"embeddable":true,"href":"https:\/\/baldumarket.lt\/lt\/wp-json\/wp\/v2\/comments?post=290762"}],"wp:featuredmedia":[{"embeddable":true,"href":"https:\/\/baldumarket.lt\/lt\/wp-json\/wp\/v2\/media\/290763"}],"wp:attachment":[{"href":"https:\/\/baldumarket.lt\/lt\/wp-json\/wp\/v2\/media?parent=290762"}],"wp:term":[{"taxonomy":"product_brand","embeddable":true,"href":"https:\/\/baldumarket.lt\/lt\/wp-json\/wp\/v2\/product_brand?post=290762"},{"taxonomy":"product_cat","embeddable":true,"href":"https:\/\/baldumarket.lt\/lt\/wp-json\/wp\/v2\/product_cat?post=290762"},{"taxonomy":"product_tag","embeddable":true,"href":"https:\/\/baldumarket.lt\/lt\/wp-json\/wp\/v2\/product_tag?post=290762"}],"curies":[{"name":"wp","href":"https:\/\/api.w.org\/{rel}","templated":true}]}}