{"id":290756,"date":"2026-01-14T23:43:17","date_gmt":"2026-01-14T20:43:17","guid":{"rendered":"https:\/\/baldumarket.lt\/product\/mebloscianka-switch-v-bialy-grafit-asm\/"},"modified":"2026-02-11T18:16:30","modified_gmt":"2026-02-11T15:16:30","slug":"mebloscianka-switch-v-bialy-grafit-asm","status":"publish","type":"product","link":"https:\/\/baldumarket.lt\/lt\/product\/mebloscianka-switch-v-bialy-grafit-asm\/","title":{"rendered":"Sienin\u0117 spintel\u0117 \u201eSwitch V\u201c balta\/grafito spalvos ASM"},"content":{"rendered":"<p>2 x Vitrinos: Viengubos durel\u0117s, u\u017e kuri\u0173 yra viena standartin\u0117 lentyna (2 skyriai). RTV spintel\u0117: Varstoma ir atidaroma durel\u0117mis, u\u017e kuri\u0173 yra 3 skyriai. 1 lentyna. Korpusai su ABS apvadais, PVC fasadai su spragtel\u0117jimu atidaromomis durel\u0117mis. Universalus dureli\u0173 tvirtinimas.<\/p>","protected":false},"excerpt":{"rendered":"<p>Plotis (cm): 250<br \/>\n\u016agis (cm): 150<br \/>\nGylis (cm): 40<\/p>","protected":false},"featured_media":290757,"comment_status":"open","ping_status":"open","template":"","meta":[],"product_brand":[],"product_cat":[9202,2008],"product_tag":[],"class_list":{"0":"post-290756","1":"product","2":"type-product","3":"status-publish","4":"has-post-thumbnail","6":"product_cat-asm","7":"product_cat-wall-units","9":"first","10":"instock","11":"purchasable","12":"product-type-simple"},"_links":{"self":[{"href":"https:\/\/baldumarket.lt\/lt\/wp-json\/wp\/v2\/product\/290756","targetHints":{"allow":["GET"]}}],"collection":[{"href":"https:\/\/baldumarket.lt\/lt\/wp-json\/wp\/v2\/product"}],"about":[{"href":"https:\/\/baldumarket.lt\/lt\/wp-json\/wp\/v2\/types\/product"}],"replies":[{"embeddable":true,"href":"https:\/\/baldumarket.lt\/lt\/wp-json\/wp\/v2\/comments?post=290756"}],"wp:featuredmedia":[{"embeddable":true,"href":"https:\/\/baldumarket.lt\/lt\/wp-json\/wp\/v2\/media\/290757"}],"wp:attachment":[{"href":"https:\/\/baldumarket.lt\/lt\/wp-json\/wp\/v2\/media?parent=290756"}],"wp:term":[{"taxonomy":"product_brand","embeddable":true,"href":"https:\/\/baldumarket.lt\/lt\/wp-json\/wp\/v2\/product_brand?post=290756"},{"taxonomy":"product_cat","embeddable":true,"href":"https:\/\/baldumarket.lt\/lt\/wp-json\/wp\/v2\/product_cat?post=290756"},{"taxonomy":"product_tag","embeddable":true,"href":"https:\/\/baldumarket.lt\/lt\/wp-json\/wp\/v2\/product_tag?post=290756"}],"curies":[{"name":"wp","href":"https:\/\/api.w.org\/{rel}","templated":true}]}}