{"id":290688,"date":"2026-01-14T23:42:08","date_gmt":"2026-01-14T20:42:08","guid":{"rendered":"https:\/\/baldumarket.lt\/product\/mebloscianka-switch-vi-grafit-wotan-asm\/"},"modified":"2026-02-11T18:16:32","modified_gmt":"2026-02-11T15:16:32","slug":"mebloscianka-switch-vi-grafit-wotan-asm","status":"publish","type":"product","link":"https:\/\/baldumarket.lt\/lt\/product\/mebloscianka-switch-vi-grafit-wotan-asm\/","title":{"rendered":"Sieninis jungiklis VI grafito\/Wotan ASM"},"content":{"rendered":"<p>2 vertikalios sienin\u0117s spintel\u0117s su vienomis durel\u0117mis. 3 lentynos u\u017e dur\u0173. 2 kvadratin\u0117s sienin\u0117s spintel\u0117s su vienomis durel\u0117mis \u2013 1 lentyna viduje. Frezuotas priekis. 1 sienin\u0117 televizoriaus spintel\u0117 su 1 atvartu \u2013 3 skyriai viduje. Frezuotas priekis. 1 lentyna pridedama. Durel\u0117s su spustel\u0117jimu. Universalaus tvirtinimo durys.<\/p>","protected":false},"excerpt":{"rendered":"<p>Plotis (cm): 330<br \/>\n\u016agis (cm): 180<br \/>\nGylis (cm): 40<\/p>","protected":false},"featured_media":290689,"comment_status":"open","ping_status":"open","template":"","meta":[],"product_brand":[],"product_cat":[9202,2008],"product_tag":[],"class_list":{"0":"post-290688","1":"product","2":"type-product","3":"status-publish","4":"has-post-thumbnail","6":"product_cat-asm","7":"product_cat-wall-units","9":"first","10":"instock","11":"purchasable","12":"product-type-simple"},"_links":{"self":[{"href":"https:\/\/baldumarket.lt\/lt\/wp-json\/wp\/v2\/product\/290688","targetHints":{"allow":["GET"]}}],"collection":[{"href":"https:\/\/baldumarket.lt\/lt\/wp-json\/wp\/v2\/product"}],"about":[{"href":"https:\/\/baldumarket.lt\/lt\/wp-json\/wp\/v2\/types\/product"}],"replies":[{"embeddable":true,"href":"https:\/\/baldumarket.lt\/lt\/wp-json\/wp\/v2\/comments?post=290688"}],"wp:featuredmedia":[{"embeddable":true,"href":"https:\/\/baldumarket.lt\/lt\/wp-json\/wp\/v2\/media\/290689"}],"wp:attachment":[{"href":"https:\/\/baldumarket.lt\/lt\/wp-json\/wp\/v2\/media?parent=290688"}],"wp:term":[{"taxonomy":"product_brand","embeddable":true,"href":"https:\/\/baldumarket.lt\/lt\/wp-json\/wp\/v2\/product_brand?post=290688"},{"taxonomy":"product_cat","embeddable":true,"href":"https:\/\/baldumarket.lt\/lt\/wp-json\/wp\/v2\/product_cat?post=290688"},{"taxonomy":"product_tag","embeddable":true,"href":"https:\/\/baldumarket.lt\/lt\/wp-json\/wp\/v2\/product_tag?post=290688"}],"curies":[{"name":"wp","href":"https:\/\/api.w.org\/{rel}","templated":true}]}}