{"id":290670,"date":"2026-01-14T23:41:53","date_gmt":"2026-01-14T20:41:53","guid":{"rendered":"https:\/\/baldumarket.lt\/product\/mebloscianka-switch-vi-wotan-grafit-sw6-asm\/"},"modified":"2026-02-11T18:16:33","modified_gmt":"2026-02-11T15:16:33","slug":"mebloscianka-switch-vi-wotan-grafit-sw6-asm","status":"publish","type":"product","link":"https:\/\/baldumarket.lt\/lt\/product\/mebloscianka-switch-vi-wotan-grafit-sw6-asm\/","title":{"rendered":"Sieninis jungiklis VI wotan\/grafito SW6 ASM"},"content":{"rendered":"<p>2 x Vitrina: Vien\u0173 dur\u0173, u\u017e kurios yra 3 standartin\u0117s lentynos (4 vietos). 2 x Vitrina: Vien\u0173 dur\u0173, u\u017e kurios yra viena standartin\u0117 lentyna (2 vietos). TV\/Radijas\/TV spintel\u0117: Atvartas su grotel\u0117mis, u\u017e kurio yra 3 skyriai. 1 lentyna. Korpusai su ABS apvadais, PVC fasadai su spustel\u0117jimu atidaromomis durimis. Universalus dureli\u0173 surinkimas.<\/p>","protected":false},"excerpt":{"rendered":"<p>Plotis (cm): 330<br \/>\n\u016agis (cm): 180<br \/>\nGylis (cm): 40<\/p>","protected":false},"featured_media":290671,"comment_status":"open","ping_status":"open","template":"","meta":[],"product_brand":[],"product_cat":[9202,2008],"product_tag":[],"class_list":{"0":"post-290670","1":"product","2":"type-product","3":"status-publish","4":"has-post-thumbnail","6":"product_cat-asm","7":"product_cat-wall-units","9":"first","10":"instock","11":"purchasable","12":"product-type-simple"},"_links":{"self":[{"href":"https:\/\/baldumarket.lt\/lt\/wp-json\/wp\/v2\/product\/290670","targetHints":{"allow":["GET"]}}],"collection":[{"href":"https:\/\/baldumarket.lt\/lt\/wp-json\/wp\/v2\/product"}],"about":[{"href":"https:\/\/baldumarket.lt\/lt\/wp-json\/wp\/v2\/types\/product"}],"replies":[{"embeddable":true,"href":"https:\/\/baldumarket.lt\/lt\/wp-json\/wp\/v2\/comments?post=290670"}],"wp:featuredmedia":[{"embeddable":true,"href":"https:\/\/baldumarket.lt\/lt\/wp-json\/wp\/v2\/media\/290671"}],"wp:attachment":[{"href":"https:\/\/baldumarket.lt\/lt\/wp-json\/wp\/v2\/media?parent=290670"}],"wp:term":[{"taxonomy":"product_brand","embeddable":true,"href":"https:\/\/baldumarket.lt\/lt\/wp-json\/wp\/v2\/product_brand?post=290670"},{"taxonomy":"product_cat","embeddable":true,"href":"https:\/\/baldumarket.lt\/lt\/wp-json\/wp\/v2\/product_cat?post=290670"},{"taxonomy":"product_tag","embeddable":true,"href":"https:\/\/baldumarket.lt\/lt\/wp-json\/wp\/v2\/product_tag?post=290670"}],"curies":[{"name":"wp","href":"https:\/\/api.w.org\/{rel}","templated":true}]}}