{"id":290650,"date":"2026-01-14T23:41:36","date_gmt":"2026-01-14T20:41:36","guid":{"rendered":"https:\/\/baldumarket.lt\/product\/mebloscianka-switch-vii-czarny-wotan-sw7-asm\/"},"modified":"2026-02-11T18:16:33","modified_gmt":"2026-02-11T15:16:33","slug":"mebloscianka-switch-vii-czarny-wotan-sw7-asm","status":"publish","type":"product","link":"https:\/\/baldumarket.lt\/lt\/product\/mebloscianka-switch-vii-czarny-wotan-sw7-asm\/","title":{"rendered":"\u201eSwitch VII\u201c sienin\u0117 spintel\u0117, juoda\/wotan SW7 ASM"},"content":{"rendered":"<p>3 x Vitrina: Viengubos durel\u0117s, u\u017e kuri\u0173 yra viena standartin\u0117 lentyna (2 skyriai). 2 x Televizoriaus spintel\u0117: Su atver\u010diamu dangteliu, u\u017e kuri\u0173 yra 2 skyriai. 2 lentynos. Korpusas su ABS apvadu, PVC priekiai su spustel\u0117jimu atidaromomis durel\u0117mis. Universalus dureli\u0173 tvirtinimas.<\/p>","protected":false},"excerpt":{"rendered":"<p>Plotis (cm): 340<br \/>\n\u016agis (cm): 150<br \/>\nGylis (cm): 40<\/p>","protected":false},"featured_media":290651,"comment_status":"open","ping_status":"open","template":"","meta":[],"product_brand":[],"product_cat":[9202,2008],"product_tag":[],"class_list":{"0":"post-290650","1":"product","2":"type-product","3":"status-publish","4":"has-post-thumbnail","6":"product_cat-asm","7":"product_cat-wall-units","9":"first","10":"instock","11":"purchasable","12":"product-type-simple"},"_links":{"self":[{"href":"https:\/\/baldumarket.lt\/lt\/wp-json\/wp\/v2\/product\/290650","targetHints":{"allow":["GET"]}}],"collection":[{"href":"https:\/\/baldumarket.lt\/lt\/wp-json\/wp\/v2\/product"}],"about":[{"href":"https:\/\/baldumarket.lt\/lt\/wp-json\/wp\/v2\/types\/product"}],"replies":[{"embeddable":true,"href":"https:\/\/baldumarket.lt\/lt\/wp-json\/wp\/v2\/comments?post=290650"}],"wp:featuredmedia":[{"embeddable":true,"href":"https:\/\/baldumarket.lt\/lt\/wp-json\/wp\/v2\/media\/290651"}],"wp:attachment":[{"href":"https:\/\/baldumarket.lt\/lt\/wp-json\/wp\/v2\/media?parent=290650"}],"wp:term":[{"taxonomy":"product_brand","embeddable":true,"href":"https:\/\/baldumarket.lt\/lt\/wp-json\/wp\/v2\/product_brand?post=290650"},{"taxonomy":"product_cat","embeddable":true,"href":"https:\/\/baldumarket.lt\/lt\/wp-json\/wp\/v2\/product_cat?post=290650"},{"taxonomy":"product_tag","embeddable":true,"href":"https:\/\/baldumarket.lt\/lt\/wp-json\/wp\/v2\/product_tag?post=290650"}],"curies":[{"name":"wp","href":"https:\/\/api.w.org\/{rel}","templated":true}]}}