{"id":290590,"date":"2026-01-14T23:40:42","date_gmt":"2026-01-14T20:40:42","guid":{"rendered":"https:\/\/baldumarket.lt\/product\/mebloscianka-switch-viii-wotan-sw8-asm\/"},"modified":"2026-02-11T18:16:35","modified_gmt":"2026-02-11T15:16:35","slug":"mebloscianka-switch-viii-wotan-sw8-asm","status":"publish","type":"product","link":"https:\/\/baldumarket.lt\/lt\/product\/mebloscianka-switch-viii-wotan-sw8-asm\/","title":{"rendered":"\u201eSwitch VIII wotan SW8 ASM\u201c sieninis blokas"},"content":{"rendered":"<p>2 x Vitrina: Vien\u0173 dur\u0173, u\u017e kurios yra viena standartin\u0117 lentyna (2 vietos). Vitrina: Vien\u0173 dur\u0173, u\u017e kurios yra 3 standartin\u0117s lentynos (4 vietos). 2 x TV spintel\u0117: Atvartas su atramomis, u\u017e kurios yra 2 skyriai. 1 lentyna. Korpusai su ABS apvadais, PVC fasadai su spustel\u0117jimu atidaromu atidarymu. Universalus dureli\u0173 surinkimas.<\/p>","protected":false},"excerpt":{"rendered":"<p>Plotis (cm): 280<br \/>\n\u016agis (cm): 180<br \/>\nGylis (cm): 40<\/p>","protected":false},"featured_media":290591,"comment_status":"open","ping_status":"open","template":"","meta":[],"product_brand":[],"product_cat":[9202,2008],"product_tag":[],"class_list":{"0":"post-290590","1":"product","2":"type-product","3":"status-publish","4":"has-post-thumbnail","6":"product_cat-asm","7":"product_cat-wall-units","9":"first","10":"instock","11":"purchasable","12":"product-type-simple"},"_links":{"self":[{"href":"https:\/\/baldumarket.lt\/lt\/wp-json\/wp\/v2\/product\/290590","targetHints":{"allow":["GET"]}}],"collection":[{"href":"https:\/\/baldumarket.lt\/lt\/wp-json\/wp\/v2\/product"}],"about":[{"href":"https:\/\/baldumarket.lt\/lt\/wp-json\/wp\/v2\/types\/product"}],"replies":[{"embeddable":true,"href":"https:\/\/baldumarket.lt\/lt\/wp-json\/wp\/v2\/comments?post=290590"}],"wp:featuredmedia":[{"embeddable":true,"href":"https:\/\/baldumarket.lt\/lt\/wp-json\/wp\/v2\/media\/290591"}],"wp:attachment":[{"href":"https:\/\/baldumarket.lt\/lt\/wp-json\/wp\/v2\/media?parent=290590"}],"wp:term":[{"taxonomy":"product_brand","embeddable":true,"href":"https:\/\/baldumarket.lt\/lt\/wp-json\/wp\/v2\/product_brand?post=290590"},{"taxonomy":"product_cat","embeddable":true,"href":"https:\/\/baldumarket.lt\/lt\/wp-json\/wp\/v2\/product_cat?post=290590"},{"taxonomy":"product_tag","embeddable":true,"href":"https:\/\/baldumarket.lt\/lt\/wp-json\/wp\/v2\/product_tag?post=290590"}],"curies":[{"name":"wp","href":"https:\/\/api.w.org\/{rel}","templated":true}]}}