{"id":290558,"date":"2026-01-14T23:40:16","date_gmt":"2026-01-14T20:40:16","guid":{"rendered":"https:\/\/baldumarket.lt\/product\/mebloscianka-switch-x-czarny-wotan-sw10-asm\/"},"modified":"2026-02-11T18:16:36","modified_gmt":"2026-02-11T15:16:36","slug":"mebloscianka-switch-x-czarny-wotan-sw10-asm","status":"publish","type":"product","link":"https:\/\/baldumarket.lt\/lt\/product\/mebloscianka-switch-x-czarny-wotan-sw10-asm\/","title":{"rendered":"Sieninis jungiklis X, juodas\/wotan SW10 ASM"},"content":{"rendered":"<p>3 x Vitrinos: Viengubos durel\u0117s, u\u017e kuri\u0173 yra viena standartin\u0117 lentyna (2 skyriai). 2 x TV spintel\u0117s: Varstomas atvartas su dviem skyriais u\u017e jo. 1 lentyna. Korpusai su ABS apvadais, PVC fasadai su spragtel\u0117jimu atidaromu atidarymu. Universalus dureli\u0173 tvirtinimas.<\/p>","protected":false},"excerpt":{"rendered":"<p>Plotis (cm): 330<br \/>\n\u016agis (cm): 160<br \/>\nGylis (cm): 40<\/p>","protected":false},"featured_media":290559,"comment_status":"open","ping_status":"open","template":"","meta":[],"product_brand":[],"product_cat":[9202,2008],"product_tag":[],"class_list":{"0":"post-290558","1":"product","2":"type-product","3":"status-publish","4":"has-post-thumbnail","6":"product_cat-asm","7":"product_cat-wall-units","9":"first","10":"instock","11":"purchasable","12":"product-type-simple"},"_links":{"self":[{"href":"https:\/\/baldumarket.lt\/lt\/wp-json\/wp\/v2\/product\/290558","targetHints":{"allow":["GET"]}}],"collection":[{"href":"https:\/\/baldumarket.lt\/lt\/wp-json\/wp\/v2\/product"}],"about":[{"href":"https:\/\/baldumarket.lt\/lt\/wp-json\/wp\/v2\/types\/product"}],"replies":[{"embeddable":true,"href":"https:\/\/baldumarket.lt\/lt\/wp-json\/wp\/v2\/comments?post=290558"}],"wp:featuredmedia":[{"embeddable":true,"href":"https:\/\/baldumarket.lt\/lt\/wp-json\/wp\/v2\/media\/290559"}],"wp:attachment":[{"href":"https:\/\/baldumarket.lt\/lt\/wp-json\/wp\/v2\/media?parent=290558"}],"wp:term":[{"taxonomy":"product_brand","embeddable":true,"href":"https:\/\/baldumarket.lt\/lt\/wp-json\/wp\/v2\/product_brand?post=290558"},{"taxonomy":"product_cat","embeddable":true,"href":"https:\/\/baldumarket.lt\/lt\/wp-json\/wp\/v2\/product_cat?post=290558"},{"taxonomy":"product_tag","embeddable":true,"href":"https:\/\/baldumarket.lt\/lt\/wp-json\/wp\/v2\/product_tag?post=290558"}],"curies":[{"name":"wp","href":"https:\/\/api.w.org\/{rel}","templated":true}]}}