{"id":290518,"date":"2026-01-14T23:39:44","date_gmt":"2026-01-14T20:39:44","guid":{"rendered":"https:\/\/baldumarket.lt\/product\/mebloscianka-switch-xi-czarny-bialy-asm\/"},"modified":"2026-02-11T18:16:38","modified_gmt":"2026-02-11T15:16:38","slug":"mebloscianka-switch-xi-czarny-bialy-asm","status":"publish","type":"product","link":"https:\/\/baldumarket.lt\/lt\/product\/mebloscianka-switch-xi-czarny-bialy-asm\/","title":{"rendered":"\u201eSwitch XI\u201c sienin\u0117 spintel\u0117, juoda\/balta ASM"},"content":{"rendered":"<p>2 x Vertikali vitrina: Vien\u0173 dur\u0173, dalinai \u012fstiklinta, su 2 stiklin\u0117mis lentynomis gale, ap\u0161viesta m\u0117lynu LED ap\u0161vietimu. RTV: Varstomas atvartas su 3 skyriais gale. Vitrina: Vien\u0173 dur\u0173, su viena standartine lentyna gale (2 vietos). 3 lentynos. Korpusai su ABS apvadais, PVC fasadai su spustel\u0117jimu atidaromu atidarymu. Universalus dur\u0173 surinkimas.<\/p>","protected":false},"excerpt":{"rendered":"<p>Plotis (cm): 330<br \/>\n\u016agis (cm): 160<br \/>\nGylis (cm): 40<\/p>","protected":false},"featured_media":290519,"comment_status":"open","ping_status":"open","template":"","meta":[],"product_brand":[],"product_cat":[9202,2008],"product_tag":[],"class_list":{"0":"post-290518","1":"product","2":"type-product","3":"status-publish","4":"has-post-thumbnail","6":"product_cat-asm","7":"product_cat-wall-units","9":"first","10":"instock","11":"purchasable","12":"product-type-simple"},"_links":{"self":[{"href":"https:\/\/baldumarket.lt\/lt\/wp-json\/wp\/v2\/product\/290518","targetHints":{"allow":["GET"]}}],"collection":[{"href":"https:\/\/baldumarket.lt\/lt\/wp-json\/wp\/v2\/product"}],"about":[{"href":"https:\/\/baldumarket.lt\/lt\/wp-json\/wp\/v2\/types\/product"}],"replies":[{"embeddable":true,"href":"https:\/\/baldumarket.lt\/lt\/wp-json\/wp\/v2\/comments?post=290518"}],"wp:featuredmedia":[{"embeddable":true,"href":"https:\/\/baldumarket.lt\/lt\/wp-json\/wp\/v2\/media\/290519"}],"wp:attachment":[{"href":"https:\/\/baldumarket.lt\/lt\/wp-json\/wp\/v2\/media?parent=290518"}],"wp:term":[{"taxonomy":"product_brand","embeddable":true,"href":"https:\/\/baldumarket.lt\/lt\/wp-json\/wp\/v2\/product_brand?post=290518"},{"taxonomy":"product_cat","embeddable":true,"href":"https:\/\/baldumarket.lt\/lt\/wp-json\/wp\/v2\/product_cat?post=290518"},{"taxonomy":"product_tag","embeddable":true,"href":"https:\/\/baldumarket.lt\/lt\/wp-json\/wp\/v2\/product_tag?post=290518"}],"curies":[{"name":"wp","href":"https:\/\/api.w.org\/{rel}","templated":true}]}}