{"id":290484,"date":"2026-01-14T23:39:17","date_gmt":"2026-01-14T20:39:17","guid":{"rendered":"https:\/\/baldumarket.lt\/product\/mebloscianka-switch-xii-bialy-wotan-asm\/"},"modified":"2026-02-11T18:16:39","modified_gmt":"2026-02-11T15:16:39","slug":"mebloscianka-switch-xii-bialy-wotan-asm","status":"publish","type":"product","link":"https:\/\/baldumarket.lt\/lt\/product\/mebloscianka-switch-xii-bialy-wotan-asm\/","title":{"rendered":"Sienin\u0117 spintel\u0117 \u201eSwitch XII\u201c, balta\/wotan ASM"},"content":{"rendered":"<p>2 vertikalios sienin\u0117s spintel\u0117s su vienomis stiklin\u0117mis durel\u0117mis. U\u017e dureli\u0173 yra 2 stiklin\u0117s lentynos. 2 sienin\u0117s televizoriaus spintel\u0117s su vienu atvartu \u2013 2 vidiniai skyriai. \u012e komplekt\u0105 \u012feina 2 lentynos. Frezuotas priekis. 1 kvadratin\u0117 sienin\u0117 spintel\u0117 su vienomis durel\u0117mis \u2013 1 vidin\u0117 lentyna. Durel\u0117s atsidaro spustel\u0117jimo mechanizmu. Durel\u0117s skirtos universaliam montavimui.<\/p>","protected":false},"excerpt":{"rendered":"<p>Plotis (cm): 270<br \/>\n\u016agis (cm): 160<br \/>\nGylis (cm): 40<\/p>","protected":false},"featured_media":290485,"comment_status":"open","ping_status":"open","template":"","meta":[],"product_brand":[],"product_cat":[9202,2008],"product_tag":[],"class_list":{"0":"post-290484","1":"product","2":"type-product","3":"status-publish","4":"has-post-thumbnail","6":"product_cat-asm","7":"product_cat-wall-units","9":"first","10":"instock","11":"purchasable","12":"product-type-simple"},"_links":{"self":[{"href":"https:\/\/baldumarket.lt\/lt\/wp-json\/wp\/v2\/product\/290484","targetHints":{"allow":["GET"]}}],"collection":[{"href":"https:\/\/baldumarket.lt\/lt\/wp-json\/wp\/v2\/product"}],"about":[{"href":"https:\/\/baldumarket.lt\/lt\/wp-json\/wp\/v2\/types\/product"}],"replies":[{"embeddable":true,"href":"https:\/\/baldumarket.lt\/lt\/wp-json\/wp\/v2\/comments?post=290484"}],"wp:featuredmedia":[{"embeddable":true,"href":"https:\/\/baldumarket.lt\/lt\/wp-json\/wp\/v2\/media\/290485"}],"wp:attachment":[{"href":"https:\/\/baldumarket.lt\/lt\/wp-json\/wp\/v2\/media?parent=290484"}],"wp:term":[{"taxonomy":"product_brand","embeddable":true,"href":"https:\/\/baldumarket.lt\/lt\/wp-json\/wp\/v2\/product_brand?post=290484"},{"taxonomy":"product_cat","embeddable":true,"href":"https:\/\/baldumarket.lt\/lt\/wp-json\/wp\/v2\/product_cat?post=290484"},{"taxonomy":"product_tag","embeddable":true,"href":"https:\/\/baldumarket.lt\/lt\/wp-json\/wp\/v2\/product_tag?post=290484"}],"curies":[{"name":"wp","href":"https:\/\/api.w.org\/{rel}","templated":true}]}}