{"id":290480,"date":"2026-01-14T23:39:13","date_gmt":"2026-01-14T20:39:13","guid":{"rendered":"https:\/\/baldumarket.lt\/product\/mebloscianka-switch-xii-czarny-asm\/"},"modified":"2026-02-11T18:16:39","modified_gmt":"2026-02-11T15:16:39","slug":"mebloscianka-switch-xii-czarny-asm","status":"publish","type":"product","link":"https:\/\/baldumarket.lt\/lt\/product\/mebloscianka-switch-xii-czarny-asm\/","title":{"rendered":"Sieninis jungiklis \u201eSwitch XII\u201c juodas ASM"},"content":{"rendered":"<p>2 x Vertikali vitrina: Viengubos durys, i\u0161 dalies \u012fstiklintos, u\u017e kuri\u0173 yra 2 stiklin\u0117s lentynos, ap\u0161viestos m\u0117lynu LED ap\u0161vietimu. 2 x RTV spintel\u0117: Varstoma atvarta su 2 skyriais u\u017e j\u0173. Vitrina: Viengubos durys, u\u017e kuri\u0173 yra viena standartin\u0117 lentyna (2 vietos). 2 lentynos. Korpusai su ABS apvadais, PVC fasadai su spustel\u0117jimu atidaromu mechanizmu. Universalus dur\u0173 surinkimas.<\/p>","protected":false},"excerpt":{"rendered":"<p>Plotis (cm): 270<br \/>\n\u016agis (cm): 160<br \/>\nGylis (cm): 40<\/p>","protected":false},"featured_media":290481,"comment_status":"open","ping_status":"open","template":"","meta":[],"product_brand":[],"product_cat":[9202,2008],"product_tag":[],"class_list":{"0":"post-290480","1":"product","2":"type-product","3":"status-publish","4":"has-post-thumbnail","6":"product_cat-asm","7":"product_cat-wall-units","9":"first","10":"instock","11":"purchasable","12":"product-type-simple"},"_links":{"self":[{"href":"https:\/\/baldumarket.lt\/lt\/wp-json\/wp\/v2\/product\/290480","targetHints":{"allow":["GET"]}}],"collection":[{"href":"https:\/\/baldumarket.lt\/lt\/wp-json\/wp\/v2\/product"}],"about":[{"href":"https:\/\/baldumarket.lt\/lt\/wp-json\/wp\/v2\/types\/product"}],"replies":[{"embeddable":true,"href":"https:\/\/baldumarket.lt\/lt\/wp-json\/wp\/v2\/comments?post=290480"}],"wp:featuredmedia":[{"embeddable":true,"href":"https:\/\/baldumarket.lt\/lt\/wp-json\/wp\/v2\/media\/290481"}],"wp:attachment":[{"href":"https:\/\/baldumarket.lt\/lt\/wp-json\/wp\/v2\/media?parent=290480"}],"wp:term":[{"taxonomy":"product_brand","embeddable":true,"href":"https:\/\/baldumarket.lt\/lt\/wp-json\/wp\/v2\/product_brand?post=290480"},{"taxonomy":"product_cat","embeddable":true,"href":"https:\/\/baldumarket.lt\/lt\/wp-json\/wp\/v2\/product_cat?post=290480"},{"taxonomy":"product_tag","embeddable":true,"href":"https:\/\/baldumarket.lt\/lt\/wp-json\/wp\/v2\/product_tag?post=290480"}],"curies":[{"name":"wp","href":"https:\/\/api.w.org\/{rel}","templated":true}]}}