{"id":290438,"date":"2026-01-14T23:38:38","date_gmt":"2026-01-14T20:38:38","guid":{"rendered":"https:\/\/baldumarket.lt\/product\/mebloscianka-switch-xiii-czarny-bialy-asm\/"},"modified":"2026-02-11T18:16:40","modified_gmt":"2026-02-11T15:16:40","slug":"mebloscianka-switch-xiii-czarny-bialy-asm","status":"publish","type":"product","link":"https:\/\/baldumarket.lt\/lt\/product\/mebloscianka-switch-xiii-czarny-bialy-asm\/","title":{"rendered":"Sienin\u0117 spintel\u0117 \u201eSwitch XIII\u201c, juoda\/balta ASM"},"content":{"rendered":"<p>3 x Vertikali vitrina: Vien\u0173 dur\u0173, dalinai \u012fstiklinta, su 2 stiklin\u0117mis lentynomis gale, ap\u0161viesta m\u0117lynu LED ap\u0161vietimu. RTV: Varstomas atvartas su 3 skyriais gale. Vitrina: Vien\u0173 dur\u0173, su viena standartine lentyna gale (2 skyriai). Korpusai su ABS apvadais, PVC fasadai su spustel\u0117jimu atidaromu mechanizmu. Universalus dureli\u0173 tvirtinimas.<\/p>","protected":false},"excerpt":{"rendered":"<p>Plotis (cm): 330<br \/>\n\u016agis (cm): 160<br \/>\nGylis (cm): 40<\/p>","protected":false},"featured_media":290439,"comment_status":"open","ping_status":"open","template":"","meta":[],"product_brand":[],"product_cat":[9202,2008],"product_tag":[],"class_list":{"0":"post-290438","1":"product","2":"type-product","3":"status-publish","4":"has-post-thumbnail","6":"product_cat-asm","7":"product_cat-wall-units","9":"first","10":"instock","11":"purchasable","12":"product-type-simple"},"_links":{"self":[{"href":"https:\/\/baldumarket.lt\/lt\/wp-json\/wp\/v2\/product\/290438","targetHints":{"allow":["GET"]}}],"collection":[{"href":"https:\/\/baldumarket.lt\/lt\/wp-json\/wp\/v2\/product"}],"about":[{"href":"https:\/\/baldumarket.lt\/lt\/wp-json\/wp\/v2\/types\/product"}],"replies":[{"embeddable":true,"href":"https:\/\/baldumarket.lt\/lt\/wp-json\/wp\/v2\/comments?post=290438"}],"wp:featuredmedia":[{"embeddable":true,"href":"https:\/\/baldumarket.lt\/lt\/wp-json\/wp\/v2\/media\/290439"}],"wp:attachment":[{"href":"https:\/\/baldumarket.lt\/lt\/wp-json\/wp\/v2\/media?parent=290438"}],"wp:term":[{"taxonomy":"product_brand","embeddable":true,"href":"https:\/\/baldumarket.lt\/lt\/wp-json\/wp\/v2\/product_brand?post=290438"},{"taxonomy":"product_cat","embeddable":true,"href":"https:\/\/baldumarket.lt\/lt\/wp-json\/wp\/v2\/product_cat?post=290438"},{"taxonomy":"product_tag","embeddable":true,"href":"https:\/\/baldumarket.lt\/lt\/wp-json\/wp\/v2\/product_tag?post=290438"}],"curies":[{"name":"wp","href":"https:\/\/api.w.org\/{rel}","templated":true}]}}