{"id":290392,"date":"2026-01-14T23:37:59","date_gmt":"2026-01-14T20:37:59","guid":{"rendered":"https:\/\/baldumarket.lt\/product\/mebloscianka-switch-xiv-czarny-wotan-sw14-asm\/"},"modified":"2026-02-11T18:16:41","modified_gmt":"2026-02-11T15:16:41","slug":"mebloscianka-switch-xiv-czarny-wotan-sw14-asm","status":"publish","type":"product","link":"https:\/\/baldumarket.lt\/lt\/product\/mebloscianka-switch-xiv-czarny-wotan-sw14-asm\/","title":{"rendered":"Sieninis jungiklis XIV juodas\/wotan SW14 ASM"},"content":{"rendered":"<p>2 x Vitrinos spintel\u0117: Viengubos durys, i\u0161 dalies \u012fstiklintos, su viena stikline lentyna, ap\u0161viesta m\u0117lynu LED ap\u0161vietimu. 2 x Vitrinos spintel\u0117: Viengubos durys, viena standartin\u0117 lentyna u\u017e j\u0173 (2 skyriai). TV \/ Radijo \/ TV spintel\u0117: Atvartas su grotel\u0117mis, 3 skyriai u\u017e j\u0173. 2 lentynos. Korpusai su ABS apvadais, PVC fasadai su spustel\u0117jimu atidaromu atidarymu. Universalus dur\u0173 surinkimas.<\/p>","protected":false},"excerpt":{"rendered":"<p>Plotis (cm): 320<br \/>\n\u016agis (cm): 150<br \/>\nGylis (cm): 40<\/p>","protected":false},"featured_media":290393,"comment_status":"open","ping_status":"open","template":"","meta":[],"product_brand":[],"product_cat":[9202,2008],"product_tag":[],"class_list":{"0":"post-290392","1":"product","2":"type-product","3":"status-publish","4":"has-post-thumbnail","6":"product_cat-asm","7":"product_cat-wall-units","9":"first","10":"instock","11":"purchasable","12":"product-type-simple"},"_links":{"self":[{"href":"https:\/\/baldumarket.lt\/lt\/wp-json\/wp\/v2\/product\/290392","targetHints":{"allow":["GET"]}}],"collection":[{"href":"https:\/\/baldumarket.lt\/lt\/wp-json\/wp\/v2\/product"}],"about":[{"href":"https:\/\/baldumarket.lt\/lt\/wp-json\/wp\/v2\/types\/product"}],"replies":[{"embeddable":true,"href":"https:\/\/baldumarket.lt\/lt\/wp-json\/wp\/v2\/comments?post=290392"}],"wp:featuredmedia":[{"embeddable":true,"href":"https:\/\/baldumarket.lt\/lt\/wp-json\/wp\/v2\/media\/290393"}],"wp:attachment":[{"href":"https:\/\/baldumarket.lt\/lt\/wp-json\/wp\/v2\/media?parent=290392"}],"wp:term":[{"taxonomy":"product_brand","embeddable":true,"href":"https:\/\/baldumarket.lt\/lt\/wp-json\/wp\/v2\/product_brand?post=290392"},{"taxonomy":"product_cat","embeddable":true,"href":"https:\/\/baldumarket.lt\/lt\/wp-json\/wp\/v2\/product_cat?post=290392"},{"taxonomy":"product_tag","embeddable":true,"href":"https:\/\/baldumarket.lt\/lt\/wp-json\/wp\/v2\/product_tag?post=290392"}],"curies":[{"name":"wp","href":"https:\/\/api.w.org\/{rel}","templated":true}]}}