{"id":290346,"date":"2026-01-14T23:37:21","date_gmt":"2026-01-14T20:37:21","guid":{"rendered":"https:\/\/baldumarket.lt\/product\/mebloscianka-switch-xix-wotan-asm\/"},"modified":"2026-02-11T18:16:42","modified_gmt":"2026-02-11T15:16:42","slug":"mebloscianka-switch-xix-wotan-asm","status":"publish","type":"product","link":"https:\/\/baldumarket.lt\/lt\/product\/mebloscianka-switch-xix-wotan-asm\/","title":{"rendered":"\u201eSwitch XIX wotan ASM\u201c sieninis blokas"},"content":{"rendered":"<p>Sienin\u0117 spintel\u0117 2 televizoriams su vienu atvartu \u2013 2 skyriai viduje. Frezuotas priekis. 2 kvadratin\u0117s sienin\u0117s spintel\u0117s su stiklin\u0117mis durel\u0117mis \u2013 1 stiklin\u0117 lentyna viduje. 2 kvadratin\u0117s sienin\u0117s spintel\u0117s su vienomis durel\u0117mis \u2013 1 lentyna viduje. Frezuotas priekis. 1 lentyna komplekte. Durel\u0117s su spragtel\u0117jimu. Durel\u0117s universaliam montavimui.<\/p>","protected":false},"excerpt":{"rendered":"<p>Plotis (cm): 310<br \/>\n\u016agis (cm): 200<br \/>\nGylis (cm): 40<\/p>","protected":false},"featured_media":290347,"comment_status":"open","ping_status":"open","template":"","meta":[],"product_brand":[],"product_cat":[9202,2008],"product_tag":[],"class_list":{"0":"post-290346","1":"product","2":"type-product","3":"status-publish","4":"has-post-thumbnail","6":"product_cat-asm","7":"product_cat-wall-units","9":"first","10":"instock","11":"purchasable","12":"product-type-simple"},"_links":{"self":[{"href":"https:\/\/baldumarket.lt\/lt\/wp-json\/wp\/v2\/product\/290346","targetHints":{"allow":["GET"]}}],"collection":[{"href":"https:\/\/baldumarket.lt\/lt\/wp-json\/wp\/v2\/product"}],"about":[{"href":"https:\/\/baldumarket.lt\/lt\/wp-json\/wp\/v2\/types\/product"}],"replies":[{"embeddable":true,"href":"https:\/\/baldumarket.lt\/lt\/wp-json\/wp\/v2\/comments?post=290346"}],"wp:featuredmedia":[{"embeddable":true,"href":"https:\/\/baldumarket.lt\/lt\/wp-json\/wp\/v2\/media\/290347"}],"wp:attachment":[{"href":"https:\/\/baldumarket.lt\/lt\/wp-json\/wp\/v2\/media?parent=290346"}],"wp:term":[{"taxonomy":"product_brand","embeddable":true,"href":"https:\/\/baldumarket.lt\/lt\/wp-json\/wp\/v2\/product_brand?post=290346"},{"taxonomy":"product_cat","embeddable":true,"href":"https:\/\/baldumarket.lt\/lt\/wp-json\/wp\/v2\/product_cat?post=290346"},{"taxonomy":"product_tag","embeddable":true,"href":"https:\/\/baldumarket.lt\/lt\/wp-json\/wp\/v2\/product_tag?post=290346"}],"curies":[{"name":"wp","href":"https:\/\/api.w.org\/{rel}","templated":true}]}}