{"id":290326,"date":"2026-01-14T23:37:03","date_gmt":"2026-01-14T20:37:03","guid":{"rendered":"https:\/\/baldumarket.lt\/product\/mebloscianka-switch-xv-bialy-grafit-asm\/"},"modified":"2026-02-11T18:16:43","modified_gmt":"2026-02-11T15:16:43","slug":"mebloscianka-switch-xv-bialy-grafit-asm","status":"publish","type":"product","link":"https:\/\/baldumarket.lt\/lt\/product\/mebloscianka-switch-xv-bialy-grafit-asm\/","title":{"rendered":"\u201eSwitch XV\u201c sienin\u0117 spintel\u0117, balta\/grafito spalvos ASM"},"content":{"rendered":"<p>1 x Vitrina: Vien\u0173 dur\u0173, dalinai \u012fstiklinta, su viena stikline lentyna u\u017e j\u0173, ap\u0161viesta m\u0117lynu LED ap\u0161vietimu. 1 x Vitrina: Vien\u0173 dur\u0173, su viena standartine lentyna u\u017e j\u0173 (2 skyriai). TV\/Radijas\/TV: Atvartas su grotel\u0117mis, u\u017e j\u0173 3 skyriai. 1 lentyna. Korpusai su ABS apvadais, PVC fasadai su spustel\u0117jimu atidaromu atidarymu. Universalus dureli\u0173 surinkimas.<\/p>","protected":false},"excerpt":{"rendered":"<p>Plotis (cm): 250<br \/>\n\u016agis (cm): 150<br \/>\nGylis (cm): 40<\/p>","protected":false},"featured_media":290327,"comment_status":"open","ping_status":"open","template":"","meta":[],"product_brand":[],"product_cat":[9202,2008],"product_tag":[],"class_list":{"0":"post-290326","1":"product","2":"type-product","3":"status-publish","4":"has-post-thumbnail","6":"product_cat-asm","7":"product_cat-wall-units","9":"first","10":"instock","11":"purchasable","12":"product-type-simple"},"_links":{"self":[{"href":"https:\/\/baldumarket.lt\/lt\/wp-json\/wp\/v2\/product\/290326","targetHints":{"allow":["GET"]}}],"collection":[{"href":"https:\/\/baldumarket.lt\/lt\/wp-json\/wp\/v2\/product"}],"about":[{"href":"https:\/\/baldumarket.lt\/lt\/wp-json\/wp\/v2\/types\/product"}],"replies":[{"embeddable":true,"href":"https:\/\/baldumarket.lt\/lt\/wp-json\/wp\/v2\/comments?post=290326"}],"wp:featuredmedia":[{"embeddable":true,"href":"https:\/\/baldumarket.lt\/lt\/wp-json\/wp\/v2\/media\/290327"}],"wp:attachment":[{"href":"https:\/\/baldumarket.lt\/lt\/wp-json\/wp\/v2\/media?parent=290326"}],"wp:term":[{"taxonomy":"product_brand","embeddable":true,"href":"https:\/\/baldumarket.lt\/lt\/wp-json\/wp\/v2\/product_brand?post=290326"},{"taxonomy":"product_cat","embeddable":true,"href":"https:\/\/baldumarket.lt\/lt\/wp-json\/wp\/v2\/product_cat?post=290326"},{"taxonomy":"product_tag","embeddable":true,"href":"https:\/\/baldumarket.lt\/lt\/wp-json\/wp\/v2\/product_tag?post=290326"}],"curies":[{"name":"wp","href":"https:\/\/api.w.org\/{rel}","templated":true}]}}