{"id":290304,"date":"2026-01-14T23:36:43","date_gmt":"2026-01-14T20:36:43","guid":{"rendered":"https:\/\/baldumarket.lt\/product\/mebloscianka-switch-xv-grafit-wotan-asm\/"},"modified":"2026-02-11T18:16:43","modified_gmt":"2026-02-11T15:16:43","slug":"mebloscianka-switch-xv-grafit-wotan-asm","status":"publish","type":"product","link":"https:\/\/baldumarket.lt\/lt\/product\/mebloscianka-switch-xv-grafit-wotan-asm\/","title":{"rendered":"\u201eSwitch XV\u201c sienin\u0117 spintel\u0117 grafito\/Wotan ASM"},"content":{"rendered":"<p>\u201c1 x kvadratin\u0117 sienin\u0117 spintel\u0117 su stiklin\u0117mis durel\u0117mis \u2013 1 stiklin\u0117 lentyna viduje. 1 x kvadratin\u0117 sienin\u0117 spintel\u0117 su durel\u0117mis \u2013 1 lentyna viduje. 1 x sienin\u0117 televizoriaus spintel\u0117 su vienu atvartu \u2013 3 skyriai viduje. Frezuotas priekis. \u012e komplekt\u0105 \u012feina 1 lentyna. Durys atsidaro spragtel\u0117jus. Universalios tvirtinimo durel\u0117s.\u201c<\/p>","protected":false},"excerpt":{"rendered":"<p>Plotis (cm): 260<br \/>\n\u016agis (cm): 150<br \/>\nGylis (cm): 40<\/p>","protected":false},"featured_media":290305,"comment_status":"open","ping_status":"open","template":"","meta":[],"product_brand":[],"product_cat":[9202,2008],"product_tag":[],"class_list":{"0":"post-290304","1":"product","2":"type-product","3":"status-publish","4":"has-post-thumbnail","6":"product_cat-asm","7":"product_cat-wall-units","9":"first","10":"instock","11":"purchasable","12":"product-type-simple"},"_links":{"self":[{"href":"https:\/\/baldumarket.lt\/lt\/wp-json\/wp\/v2\/product\/290304","targetHints":{"allow":["GET"]}}],"collection":[{"href":"https:\/\/baldumarket.lt\/lt\/wp-json\/wp\/v2\/product"}],"about":[{"href":"https:\/\/baldumarket.lt\/lt\/wp-json\/wp\/v2\/types\/product"}],"replies":[{"embeddable":true,"href":"https:\/\/baldumarket.lt\/lt\/wp-json\/wp\/v2\/comments?post=290304"}],"wp:featuredmedia":[{"embeddable":true,"href":"https:\/\/baldumarket.lt\/lt\/wp-json\/wp\/v2\/media\/290305"}],"wp:attachment":[{"href":"https:\/\/baldumarket.lt\/lt\/wp-json\/wp\/v2\/media?parent=290304"}],"wp:term":[{"taxonomy":"product_brand","embeddable":true,"href":"https:\/\/baldumarket.lt\/lt\/wp-json\/wp\/v2\/product_brand?post=290304"},{"taxonomy":"product_cat","embeddable":true,"href":"https:\/\/baldumarket.lt\/lt\/wp-json\/wp\/v2\/product_cat?post=290304"},{"taxonomy":"product_tag","embeddable":true,"href":"https:\/\/baldumarket.lt\/lt\/wp-json\/wp\/v2\/product_tag?post=290304"}],"curies":[{"name":"wp","href":"https:\/\/api.w.org\/{rel}","templated":true}]}}