{"id":290278,"date":"2026-01-14T23:36:21","date_gmt":"2026-01-14T20:36:21","guid":{"rendered":"https:\/\/baldumarket.lt\/product\/mebloscianka-switch-xvi-czarny-bialy-asm\/"},"modified":"2026-02-11T18:16:44","modified_gmt":"2026-02-11T15:16:44","slug":"mebloscianka-switch-xvi-czarny-bialy-asm","status":"publish","type":"product","link":"https:\/\/baldumarket.lt\/lt\/product\/mebloscianka-switch-xvi-czarny-bialy-asm\/","title":{"rendered":"Sienin\u0117 spintel\u0117 \u201eSwitch XVI\u201c, juoda\/balta ASM"},"content":{"rendered":"<p>2 x Vitrinos: Viengubos durys, dalinai \u012fstiklintos, su 3 lentynomis, ap\u0161viestomis m\u0117lynu LED ap\u0161vietimu. 2 x Vitrinos: Viengubos durys, viena standartin\u0117 lentyna u\u017e j\u0173 (2 skyriai). TV \/ Radijo \/ TV spintel\u0117: Atvartas su grotel\u0117mis, 3 skyriai u\u017e j\u0173. 1 lentyna. Korpusai su ABS apvadais, PVC fasadai su spustel\u0117jimu atidaromu mechanizmu. Universalus dur\u0173 surinkimas.<\/p>","protected":false},"excerpt":{"rendered":"<p>Plotis (cm): 330<br \/>\n\u016agis (cm): 180<br \/>\nGylis (cm): 40<\/p>","protected":false},"featured_media":290279,"comment_status":"open","ping_status":"open","template":"","meta":[],"product_brand":[],"product_cat":[9202,2008],"product_tag":[],"class_list":{"0":"post-290278","1":"product","2":"type-product","3":"status-publish","4":"has-post-thumbnail","6":"product_cat-asm","7":"product_cat-wall-units","9":"first","10":"instock","11":"purchasable","12":"product-type-simple"},"_links":{"self":[{"href":"https:\/\/baldumarket.lt\/lt\/wp-json\/wp\/v2\/product\/290278","targetHints":{"allow":["GET"]}}],"collection":[{"href":"https:\/\/baldumarket.lt\/lt\/wp-json\/wp\/v2\/product"}],"about":[{"href":"https:\/\/baldumarket.lt\/lt\/wp-json\/wp\/v2\/types\/product"}],"replies":[{"embeddable":true,"href":"https:\/\/baldumarket.lt\/lt\/wp-json\/wp\/v2\/comments?post=290278"}],"wp:featuredmedia":[{"embeddable":true,"href":"https:\/\/baldumarket.lt\/lt\/wp-json\/wp\/v2\/media\/290279"}],"wp:attachment":[{"href":"https:\/\/baldumarket.lt\/lt\/wp-json\/wp\/v2\/media?parent=290278"}],"wp:term":[{"taxonomy":"product_brand","embeddable":true,"href":"https:\/\/baldumarket.lt\/lt\/wp-json\/wp\/v2\/product_brand?post=290278"},{"taxonomy":"product_cat","embeddable":true,"href":"https:\/\/baldumarket.lt\/lt\/wp-json\/wp\/v2\/product_cat?post=290278"},{"taxonomy":"product_tag","embeddable":true,"href":"https:\/\/baldumarket.lt\/lt\/wp-json\/wp\/v2\/product_tag?post=290278"}],"curies":[{"name":"wp","href":"https:\/\/api.w.org\/{rel}","templated":true}]}}