{"id":290224,"date":"2026-01-14T23:35:37","date_gmt":"2026-01-14T20:35:37","guid":{"rendered":"https:\/\/baldumarket.lt\/product\/mebloscianka-switch-xvii-wotan-sw17-asm\/"},"modified":"2026-02-11T18:16:45","modified_gmt":"2026-02-11T15:16:45","slug":"mebloscianka-switch-xvii-wotan-sw17-asm","status":"publish","type":"product","link":"https:\/\/baldumarket.lt\/lt\/product\/mebloscianka-switch-xvii-wotan-sw17-asm\/","title":{"rendered":"Jungiklis XVII wotan SW17 ASM sieninis blokas"},"content":{"rendered":"<p>3 x Vitrinos spintel\u0117: Viengubos, dalinai \u012fstiklintos durys su viena stikline lentyna, ap\u0161viesta m\u0117lynu LED ap\u0161vietimu. 2 x Televizoriaus spintel\u0117: Su atver\u010diamu dangteliu ir 2 skyriais u\u017e jo. 2 lentynos. Korpusai su ABS apvadais, PVC priekiai su spustel\u0117jimu atidaromu atidarymu. Universalus dur\u0173 tvirtinimas.<\/p>","protected":false},"excerpt":{"rendered":"<p>Plotis (cm): 340<br \/>\n\u016agis (cm): 150<br \/>\nGylis (cm): 40<\/p>","protected":false},"featured_media":290225,"comment_status":"open","ping_status":"open","template":"","meta":[],"product_brand":[],"product_cat":[9202,2008],"product_tag":[],"class_list":{"0":"post-290224","1":"product","2":"type-product","3":"status-publish","4":"has-post-thumbnail","6":"product_cat-asm","7":"product_cat-wall-units","9":"first","10":"instock","11":"purchasable","12":"product-type-simple"},"_links":{"self":[{"href":"https:\/\/baldumarket.lt\/lt\/wp-json\/wp\/v2\/product\/290224","targetHints":{"allow":["GET"]}}],"collection":[{"href":"https:\/\/baldumarket.lt\/lt\/wp-json\/wp\/v2\/product"}],"about":[{"href":"https:\/\/baldumarket.lt\/lt\/wp-json\/wp\/v2\/types\/product"}],"replies":[{"embeddable":true,"href":"https:\/\/baldumarket.lt\/lt\/wp-json\/wp\/v2\/comments?post=290224"}],"wp:featuredmedia":[{"embeddable":true,"href":"https:\/\/baldumarket.lt\/lt\/wp-json\/wp\/v2\/media\/290225"}],"wp:attachment":[{"href":"https:\/\/baldumarket.lt\/lt\/wp-json\/wp\/v2\/media?parent=290224"}],"wp:term":[{"taxonomy":"product_brand","embeddable":true,"href":"https:\/\/baldumarket.lt\/lt\/wp-json\/wp\/v2\/product_brand?post=290224"},{"taxonomy":"product_cat","embeddable":true,"href":"https:\/\/baldumarket.lt\/lt\/wp-json\/wp\/v2\/product_cat?post=290224"},{"taxonomy":"product_tag","embeddable":true,"href":"https:\/\/baldumarket.lt\/lt\/wp-json\/wp\/v2\/product_tag?post=290224"}],"curies":[{"name":"wp","href":"https:\/\/api.w.org\/{rel}","templated":true}]}}