{"id":290180,"date":"2026-01-14T23:34:58","date_gmt":"2026-01-14T20:34:58","guid":{"rendered":"https:\/\/baldumarket.lt\/product\/mebloscianka-switch-xviii-wotan-asm\/"},"modified":"2026-02-11T18:16:47","modified_gmt":"2026-02-11T15:16:47","slug":"mebloscianka-switch-xviii-wotan-asm","status":"publish","type":"product","link":"https:\/\/baldumarket.lt\/lt\/product\/mebloscianka-switch-xviii-wotan-asm\/","title":{"rendered":"XVIII \u201eSwitch\u201c \u201eWotan ASM\u201c sieninis blokas"},"content":{"rendered":"<p>2 kvadratin\u0117s sienin\u0117s spintel\u0117s su stiklin\u0117mis durel\u0117mis \u2013 1 stiklin\u0117 lentyna viduje. 2 sienin\u0117s televizoriaus spintel\u0117s su vienu atvartu \u2013 2 skyriai viduje. Frezuotas priekis. 1 vertikali sienin\u0117 spintel\u0117 su vienomis durel\u0117mis. U\u017e dur\u0173 yra 3 lentynos. Frezuotas priekis. \u012e komplekt\u0105 \u012feina 1 lentyna. Durys atsidaro spragtel\u0117jus. Durys universaliam montavimui.<\/p>","protected":false},"excerpt":{"rendered":"<p>Plotis (cm): 280<br \/>\n\u016agis (cm): 180<br \/>\nGylis (cm): 40<\/p>","protected":false},"featured_media":290181,"comment_status":"open","ping_status":"open","template":"","meta":[],"product_brand":[],"product_cat":[9202,2008],"product_tag":[],"class_list":{"0":"post-290180","1":"product","2":"type-product","3":"status-publish","4":"has-post-thumbnail","6":"product_cat-asm","7":"product_cat-wall-units","9":"first","10":"instock","11":"purchasable","12":"product-type-simple"},"_links":{"self":[{"href":"https:\/\/baldumarket.lt\/lt\/wp-json\/wp\/v2\/product\/290180","targetHints":{"allow":["GET"]}}],"collection":[{"href":"https:\/\/baldumarket.lt\/lt\/wp-json\/wp\/v2\/product"}],"about":[{"href":"https:\/\/baldumarket.lt\/lt\/wp-json\/wp\/v2\/types\/product"}],"replies":[{"embeddable":true,"href":"https:\/\/baldumarket.lt\/lt\/wp-json\/wp\/v2\/comments?post=290180"}],"wp:featuredmedia":[{"embeddable":true,"href":"https:\/\/baldumarket.lt\/lt\/wp-json\/wp\/v2\/media\/290181"}],"wp:attachment":[{"href":"https:\/\/baldumarket.lt\/lt\/wp-json\/wp\/v2\/media?parent=290180"}],"wp:term":[{"taxonomy":"product_brand","embeddable":true,"href":"https:\/\/baldumarket.lt\/lt\/wp-json\/wp\/v2\/product_brand?post=290180"},{"taxonomy":"product_cat","embeddable":true,"href":"https:\/\/baldumarket.lt\/lt\/wp-json\/wp\/v2\/product_cat?post=290180"},{"taxonomy":"product_tag","embeddable":true,"href":"https:\/\/baldumarket.lt\/lt\/wp-json\/wp\/v2\/product_tag?post=290180"}],"curies":[{"name":"wp","href":"https:\/\/api.w.org\/{rel}","templated":true}]}}