{"id":290174,"date":"2026-01-14T23:34:52","date_gmt":"2026-01-14T20:34:52","guid":{"rendered":"https:\/\/baldumarket.lt\/product\/mebloscianka-switch-xviii-wotan-czarny-asm\/"},"modified":"2026-02-11T18:16:47","modified_gmt":"2026-02-11T15:16:47","slug":"mebloscianka-switch-xviii-wotan-czarny-asm","status":"publish","type":"product","link":"https:\/\/baldumarket.lt\/lt\/product\/mebloscianka-switch-xviii-wotan-czarny-asm\/","title":{"rendered":"Sienin\u0117 spintel\u0117 \u201eSwitch XVIII\u201c, wotan\/juoda ASM"},"content":{"rendered":"<p>2 x Vitrinos spintel\u0117: Vien\u0173 dur\u0173, dalinai \u012fstiklinta, su viena stikline lentyna, ap\u0161viesta m\u0117lynu LED ap\u0161vietimu. Vitrinos spintel\u0117: Vien\u0173 dur\u0173, su 3 standartin\u0117mis lentynomis gale (4 skyriai). 2 x TV spintel\u0117: Atvartas su grotel\u0117mis, 2 skyriai gale. 1 lentyna. Korpusai su ABS apvadais, PVC priekiai su spustel\u0117jimu atidaromu atidarymu. Universalus dureli\u0173 surinkimas.<\/p>","protected":false},"excerpt":{"rendered":"<p>Plotis (cm): 280<br \/>\n\u016agis (cm): 180<br \/>\nGylis (cm): 40<\/p>","protected":false},"featured_media":290175,"comment_status":"open","ping_status":"open","template":"","meta":[],"product_brand":[],"product_cat":[9202,2008],"product_tag":[],"class_list":{"0":"post-290174","1":"product","2":"type-product","3":"status-publish","4":"has-post-thumbnail","6":"product_cat-asm","7":"product_cat-wall-units","9":"first","10":"instock","11":"purchasable","12":"product-type-simple"},"_links":{"self":[{"href":"https:\/\/baldumarket.lt\/lt\/wp-json\/wp\/v2\/product\/290174","targetHints":{"allow":["GET"]}}],"collection":[{"href":"https:\/\/baldumarket.lt\/lt\/wp-json\/wp\/v2\/product"}],"about":[{"href":"https:\/\/baldumarket.lt\/lt\/wp-json\/wp\/v2\/types\/product"}],"replies":[{"embeddable":true,"href":"https:\/\/baldumarket.lt\/lt\/wp-json\/wp\/v2\/comments?post=290174"}],"wp:featuredmedia":[{"embeddable":true,"href":"https:\/\/baldumarket.lt\/lt\/wp-json\/wp\/v2\/media\/290175"}],"wp:attachment":[{"href":"https:\/\/baldumarket.lt\/lt\/wp-json\/wp\/v2\/media?parent=290174"}],"wp:term":[{"taxonomy":"product_brand","embeddable":true,"href":"https:\/\/baldumarket.lt\/lt\/wp-json\/wp\/v2\/product_brand?post=290174"},{"taxonomy":"product_cat","embeddable":true,"href":"https:\/\/baldumarket.lt\/lt\/wp-json\/wp\/v2\/product_cat?post=290174"},{"taxonomy":"product_tag","embeddable":true,"href":"https:\/\/baldumarket.lt\/lt\/wp-json\/wp\/v2\/product_tag?post=290174"}],"curies":[{"name":"wp","href":"https:\/\/api.w.org\/{rel}","templated":true}]}}