{"id":290166,"date":"2026-01-14T23:34:44","date_gmt":"2026-01-14T20:34:44","guid":{"rendered":"https:\/\/baldumarket.lt\/product\/mebloscianka-switch-xx-bialy-grafit-asm\/"},"modified":"2026-02-11T18:16:47","modified_gmt":"2026-02-11T15:16:47","slug":"mebloscianka-switch-xx-bialy-grafit-asm","status":"publish","type":"product","link":"https:\/\/baldumarket.lt\/lt\/product\/mebloscianka-switch-xx-bialy-grafit-asm\/","title":{"rendered":"\u201eSwitch XX\u201c sienin\u0117 spintel\u0117, balta\/grafito spalvos ASM"},"content":{"rendered":"<p>3 x Vitrinos spintel\u0117: Viengubos, dalinai \u012fstiklintos durys su viena stikline lentyna, ap\u0161viesta m\u0117lynu LED ap\u0161vietimu. 2 x Televizoriaus spintel\u0117: Atidaromas atvartas su 2 skyriais u\u017e jo. 1 lentyna. Korpusai su ABS apvadais, PVC priekiai su spustel\u0117jimu atidaromu atidarymu. Universalus dur\u0173 tvirtinimas.<\/p>","protected":false},"excerpt":{"rendered":"<p>Plotis (cm): 330<br \/>\n\u016agis (cm): 160<br \/>\nGylis (cm): 40<\/p>","protected":false},"featured_media":290167,"comment_status":"open","ping_status":"open","template":"","meta":[],"product_brand":[],"product_cat":[9202,2008],"product_tag":[],"class_list":{"0":"post-290166","1":"product","2":"type-product","3":"status-publish","4":"has-post-thumbnail","6":"product_cat-asm","7":"product_cat-wall-units","9":"first","10":"instock","11":"purchasable","12":"product-type-simple"},"_links":{"self":[{"href":"https:\/\/baldumarket.lt\/lt\/wp-json\/wp\/v2\/product\/290166","targetHints":{"allow":["GET"]}}],"collection":[{"href":"https:\/\/baldumarket.lt\/lt\/wp-json\/wp\/v2\/product"}],"about":[{"href":"https:\/\/baldumarket.lt\/lt\/wp-json\/wp\/v2\/types\/product"}],"replies":[{"embeddable":true,"href":"https:\/\/baldumarket.lt\/lt\/wp-json\/wp\/v2\/comments?post=290166"}],"wp:featuredmedia":[{"embeddable":true,"href":"https:\/\/baldumarket.lt\/lt\/wp-json\/wp\/v2\/media\/290167"}],"wp:attachment":[{"href":"https:\/\/baldumarket.lt\/lt\/wp-json\/wp\/v2\/media?parent=290166"}],"wp:term":[{"taxonomy":"product_brand","embeddable":true,"href":"https:\/\/baldumarket.lt\/lt\/wp-json\/wp\/v2\/product_brand?post=290166"},{"taxonomy":"product_cat","embeddable":true,"href":"https:\/\/baldumarket.lt\/lt\/wp-json\/wp\/v2\/product_cat?post=290166"},{"taxonomy":"product_tag","embeddable":true,"href":"https:\/\/baldumarket.lt\/lt\/wp-json\/wp\/v2\/product_tag?post=290166"}],"curies":[{"name":"wp","href":"https:\/\/api.w.org\/{rel}","templated":true}]}}