{"id":290128,"date":"2026-01-14T23:34:11","date_gmt":"2026-01-14T20:34:11","guid":{"rendered":"https:\/\/baldumarket.lt\/product\/mebloscianka-thin-asm\/"},"modified":"2026-02-11T18:16:48","modified_gmt":"2026-02-11T15:16:48","slug":"mebloscianka-thin-asm","status":"publish","type":"product","link":"https:\/\/baldumarket.lt\/lt\/product\/mebloscianka-thin-asm\/","title":{"rendered":"Plonas ASM sieninis blokas"},"content":{"rendered":"<p>Auk\u0161ta laisvai pastatoma vitrina: stiklin\u0117s durel\u0117s juodame aliuminio r\u0117me. U\u017e j\u0173 dvi stiklin\u0117s lentynos, ap\u0161viestos LED ap\u0161vietimu. Apa\u010dioje - standartin\u0117s durel\u0117s, u\u017e j\u0173 - viena standartin\u0117 lentyna (2 vietos). Lentyna. TV\/Radijas\/TV blokelis: dvejos standartin\u0117s durel\u0117s, kiekvienos su vienu skyriumi. Centre - stiklin\u0117s durel\u0117s juodame aliuminio r\u0117me, u\u017e j\u0173 - viena stiklin\u0117 lentyna su LED ap\u0161vietimu. \u017dema laisvai pastatoma vitrina: dvejos stiklin\u0117s durel\u0117s juodame aliuminio r\u0117me, apa\u010dioje - dvejos durel\u0117s, u\u017e j\u0173 - viena standartin\u0117 lentyna. Juodos trapecijos formos kojel\u0117s.<\/p>","protected":false},"excerpt":{"rendered":"<p>Plotis (cm): 340<br \/>\n\u016agis (cm): 197<br \/>\nGylis (cm): 45<\/p>","protected":false},"featured_media":290129,"comment_status":"open","ping_status":"open","template":"","meta":[],"product_brand":[],"product_cat":[9202,2008],"product_tag":[],"class_list":{"0":"post-290128","1":"product","2":"type-product","3":"status-publish","4":"has-post-thumbnail","6":"product_cat-asm","7":"product_cat-wall-units","9":"first","10":"instock","11":"purchasable","12":"product-type-simple"},"_links":{"self":[{"href":"https:\/\/baldumarket.lt\/lt\/wp-json\/wp\/v2\/product\/290128","targetHints":{"allow":["GET"]}}],"collection":[{"href":"https:\/\/baldumarket.lt\/lt\/wp-json\/wp\/v2\/product"}],"about":[{"href":"https:\/\/baldumarket.lt\/lt\/wp-json\/wp\/v2\/types\/product"}],"replies":[{"embeddable":true,"href":"https:\/\/baldumarket.lt\/lt\/wp-json\/wp\/v2\/comments?post=290128"}],"wp:featuredmedia":[{"embeddable":true,"href":"https:\/\/baldumarket.lt\/lt\/wp-json\/wp\/v2\/media\/290129"}],"wp:attachment":[{"href":"https:\/\/baldumarket.lt\/lt\/wp-json\/wp\/v2\/media?parent=290128"}],"wp:term":[{"taxonomy":"product_brand","embeddable":true,"href":"https:\/\/baldumarket.lt\/lt\/wp-json\/wp\/v2\/product_brand?post=290128"},{"taxonomy":"product_cat","embeddable":true,"href":"https:\/\/baldumarket.lt\/lt\/wp-json\/wp\/v2\/product_cat?post=290128"},{"taxonomy":"product_tag","embeddable":true,"href":"https:\/\/baldumarket.lt\/lt\/wp-json\/wp\/v2\/product_tag?post=290128"}],"curies":[{"name":"wp","href":"https:\/\/api.w.org\/{rel}","templated":true}]}}