{"id":290090,"date":"2026-01-14T23:33:39","date_gmt":"2026-01-14T20:33:39","guid":{"rendered":"https:\/\/baldumarket.lt\/product\/regal-do-przedpokoju-marco-bc-asm\/"},"modified":"2026-02-11T18:16:49","modified_gmt":"2026-02-11T15:16:49","slug":"regal-do-przedpokoju-marco-bc-asm","status":"publish","type":"product","link":"https:\/\/baldumarket.lt\/lt\/product\/regal-do-przedpokoju-marco-bc-asm\/","title":{"rendered":"Marco B+C ASM prie\u0161kambario lentyna"},"content":{"rendered":"<p>Apatin\u0117 spintel\u0117: 3 atviros ertm\u0117s (2 \u012fprastos lentynos), 1 stal\u010dius ir 1 durel\u0117s apa\u010dioje. U\u017e dureli\u0173 yra 2 \u012fprastos lentynos.<\/p>","protected":false},"excerpt":{"rendered":"<p>Plotis (cm): 30<br \/>\n\u016agis (cm): 203<br \/>\nGylis (cm): 32<\/p>","protected":false},"featured_media":290091,"comment_status":"open","ping_status":"open","template":"","meta":[],"product_brand":[],"product_cat":[9202,1987],"product_tag":[],"class_list":{"0":"post-290090","1":"product","2":"type-product","3":"status-publish","4":"has-post-thumbnail","6":"product_cat-asm","7":"product_cat-shelving-units","9":"first","10":"instock","11":"purchasable","12":"product-type-simple"},"_links":{"self":[{"href":"https:\/\/baldumarket.lt\/lt\/wp-json\/wp\/v2\/product\/290090","targetHints":{"allow":["GET"]}}],"collection":[{"href":"https:\/\/baldumarket.lt\/lt\/wp-json\/wp\/v2\/product"}],"about":[{"href":"https:\/\/baldumarket.lt\/lt\/wp-json\/wp\/v2\/types\/product"}],"replies":[{"embeddable":true,"href":"https:\/\/baldumarket.lt\/lt\/wp-json\/wp\/v2\/comments?post=290090"}],"wp:featuredmedia":[{"embeddable":true,"href":"https:\/\/baldumarket.lt\/lt\/wp-json\/wp\/v2\/media\/290091"}],"wp:attachment":[{"href":"https:\/\/baldumarket.lt\/lt\/wp-json\/wp\/v2\/media?parent=290090"}],"wp:term":[{"taxonomy":"product_brand","embeddable":true,"href":"https:\/\/baldumarket.lt\/lt\/wp-json\/wp\/v2\/product_brand?post=290090"},{"taxonomy":"product_cat","embeddable":true,"href":"https:\/\/baldumarket.lt\/lt\/wp-json\/wp\/v2\/product_cat?post=290090"},{"taxonomy":"product_tag","embeddable":true,"href":"https:\/\/baldumarket.lt\/lt\/wp-json\/wp\/v2\/product_tag?post=290090"}],"curies":[{"name":"wp","href":"https:\/\/api.w.org\/{rel}","templated":true}]}}