{"id":290074,"date":"2026-01-14T23:33:26","date_gmt":"2026-01-14T20:33:26","guid":{"rendered":"https:\/\/baldumarket.lt\/product\/solo-mebloscianka-asm-2\/"},"modified":"2026-02-11T18:16:50","modified_gmt":"2026-02-11T15:16:50","slug":"solo-mebloscianka-asm-2","status":"publish","type":"product","link":"https:\/\/baldumarket.lt\/lt\/product\/solo-mebloscianka-asm-2\/","title":{"rendered":"SOLO sienin\u0117 spintel\u0117 ASM"},"content":{"rendered":"<p>SOLO sienin\u0117 spintel\u0117<br \/>\nSpalva: Korpusas: Juoda, Hickory Jackson, juodos juostel\u0117s (ra\u0161tas) Priekis: Juoda, Hickory Jackson, juodos juostel\u0117s (ra\u0161tas) Vir\u0161elis: Hickory Jackson, juodos juostel\u0117s (ra\u0161tas)<br \/>\nMed\u017eiaga: Korpusas: Laminuota plok\u0161t\u0117 Priekis: Laminuota plok\u0161t\u0117<\/p>","protected":false},"excerpt":{"rendered":"<p>Plotis (cm): 180<br \/>\n\u016agis (cm): 130<br \/>\nGylis (cm): 40<br \/>\nAsambl\u0117ja<br \/>\nSavaranki\u0161kas surinkimas<br \/>\nProdukto svoris [kg]: 40<\/p>","protected":false},"featured_media":290075,"comment_status":"open","ping_status":"open","template":"","meta":[],"product_brand":[],"product_cat":[9202,2008],"product_tag":[],"class_list":{"0":"post-290074","1":"product","2":"type-product","3":"status-publish","4":"has-post-thumbnail","6":"product_cat-asm","7":"product_cat-wall-units","9":"first","10":"instock","11":"purchasable","12":"product-type-simple"},"_links":{"self":[{"href":"https:\/\/baldumarket.lt\/lt\/wp-json\/wp\/v2\/product\/290074","targetHints":{"allow":["GET"]}}],"collection":[{"href":"https:\/\/baldumarket.lt\/lt\/wp-json\/wp\/v2\/product"}],"about":[{"href":"https:\/\/baldumarket.lt\/lt\/wp-json\/wp\/v2\/types\/product"}],"replies":[{"embeddable":true,"href":"https:\/\/baldumarket.lt\/lt\/wp-json\/wp\/v2\/comments?post=290074"}],"wp:featuredmedia":[{"embeddable":true,"href":"https:\/\/baldumarket.lt\/lt\/wp-json\/wp\/v2\/media\/290075"}],"wp:attachment":[{"href":"https:\/\/baldumarket.lt\/lt\/wp-json\/wp\/v2\/media?parent=290074"}],"wp:term":[{"taxonomy":"product_brand","embeddable":true,"href":"https:\/\/baldumarket.lt\/lt\/wp-json\/wp\/v2\/product_brand?post=290074"},{"taxonomy":"product_cat","embeddable":true,"href":"https:\/\/baldumarket.lt\/lt\/wp-json\/wp\/v2\/product_cat?post=290074"},{"taxonomy":"product_tag","embeddable":true,"href":"https:\/\/baldumarket.lt\/lt\/wp-json\/wp\/v2\/product_tag?post=290074"}],"curies":[{"name":"wp","href":"https:\/\/api.w.org\/{rel}","templated":true}]}}