{"id":290048,"date":"2026-01-14T23:33:04","date_gmt":"2026-01-14T20:33:04","guid":{"rendered":"https:\/\/baldumarket.lt\/product\/switch-komoda-i-wotan-asm\/"},"modified":"2026-02-11T18:16:51","modified_gmt":"2026-02-11T15:16:51","slug":"switch-komoda-i-wotan-asm","status":"publish","type":"product","link":"https:\/\/baldumarket.lt\/lt\/product\/switch-komoda-i-wotan-asm\/","title":{"rendered":"Komoda su jungikliu I wotan ASM"},"content":{"rendered":"<p>Sienin\u0117 spintel\u0117, 2 x kvadratin\u0117, su vienomis durel\u0117mis \u2013 1 lentyna viduje. Frezuotas priekis. 1 lentyna komplekte. Durys atsidaro spragtel\u0117jus. Durys universaliam montavimui.<\/p>","protected":false},"excerpt":{"rendered":"<p>Plotis (cm): 130<br \/>\n\u016agis (cm): 110<br \/>\nGylis (cm): 30<\/p>","protected":false},"featured_media":290049,"comment_status":"open","ping_status":"open","template":"","meta":[],"product_brand":[],"product_cat":[9202,1173],"product_tag":[],"class_list":{"0":"post-290048","1":"product","2":"type-product","3":"status-publish","4":"has-post-thumbnail","6":"product_cat-asm","7":"product_cat-chests-of-drawers","9":"first","10":"instock","11":"purchasable","12":"product-type-simple"},"_links":{"self":[{"href":"https:\/\/baldumarket.lt\/lt\/wp-json\/wp\/v2\/product\/290048","targetHints":{"allow":["GET"]}}],"collection":[{"href":"https:\/\/baldumarket.lt\/lt\/wp-json\/wp\/v2\/product"}],"about":[{"href":"https:\/\/baldumarket.lt\/lt\/wp-json\/wp\/v2\/types\/product"}],"replies":[{"embeddable":true,"href":"https:\/\/baldumarket.lt\/lt\/wp-json\/wp\/v2\/comments?post=290048"}],"wp:featuredmedia":[{"embeddable":true,"href":"https:\/\/baldumarket.lt\/lt\/wp-json\/wp\/v2\/media\/290049"}],"wp:attachment":[{"href":"https:\/\/baldumarket.lt\/lt\/wp-json\/wp\/v2\/media?parent=290048"}],"wp:term":[{"taxonomy":"product_brand","embeddable":true,"href":"https:\/\/baldumarket.lt\/lt\/wp-json\/wp\/v2\/product_brand?post=290048"},{"taxonomy":"product_cat","embeddable":true,"href":"https:\/\/baldumarket.lt\/lt\/wp-json\/wp\/v2\/product_cat?post=290048"},{"taxonomy":"product_tag","embeddable":true,"href":"https:\/\/baldumarket.lt\/lt\/wp-json\/wp\/v2\/product_tag?post=290048"}],"curies":[{"name":"wp","href":"https:\/\/api.w.org\/{rel}","templated":true}]}}