{"id":289958,"date":"2026-01-14T23:31:40","date_gmt":"2026-01-14T20:31:40","guid":{"rendered":"https:\/\/baldumarket.lt\/product\/switch-komoda-iii-wotan-bialy-asm\/"},"modified":"2026-02-11T18:16:54","modified_gmt":"2026-02-11T15:16:54","slug":"switch-komoda-iii-wotan-bialy-asm","status":"publish","type":"product","link":"https:\/\/baldumarket.lt\/lt\/product\/switch-komoda-iii-wotan-bialy-asm\/","title":{"rendered":"Komoda su jungikliu III wotan\/balta ASM"},"content":{"rendered":"<p>1 lentyna, 2 i\u0161 dalies \u012fstiklintos vitrinos ir viena stiklin\u0117 lentyna u\u017e jos, ap\u0161viesta m\u0117lynu LED ap\u0161vietimu. Korpusai su ABS apvadais, PVC fasadai su spragtel\u0117jimu atidaromu mechanizmu. Universalus dureli\u0173 tvirtinimas.<\/p>","protected":false},"excerpt":{"rendered":"<p>Plotis (cm): 130<br \/>\n\u016agis (cm): 110<br \/>\nGylis (cm): 30<\/p>","protected":false},"featured_media":289959,"comment_status":"open","ping_status":"open","template":"","meta":[],"product_brand":[],"product_cat":[9202,1173],"product_tag":[],"class_list":{"0":"post-289958","1":"product","2":"type-product","3":"status-publish","4":"has-post-thumbnail","6":"product_cat-asm","7":"product_cat-chests-of-drawers","9":"first","10":"instock","11":"purchasable","12":"product-type-simple"},"_links":{"self":[{"href":"https:\/\/baldumarket.lt\/lt\/wp-json\/wp\/v2\/product\/289958","targetHints":{"allow":["GET"]}}],"collection":[{"href":"https:\/\/baldumarket.lt\/lt\/wp-json\/wp\/v2\/product"}],"about":[{"href":"https:\/\/baldumarket.lt\/lt\/wp-json\/wp\/v2\/types\/product"}],"replies":[{"embeddable":true,"href":"https:\/\/baldumarket.lt\/lt\/wp-json\/wp\/v2\/comments?post=289958"}],"wp:featuredmedia":[{"embeddable":true,"href":"https:\/\/baldumarket.lt\/lt\/wp-json\/wp\/v2\/media\/289959"}],"wp:attachment":[{"href":"https:\/\/baldumarket.lt\/lt\/wp-json\/wp\/v2\/media?parent=289958"}],"wp:term":[{"taxonomy":"product_brand","embeddable":true,"href":"https:\/\/baldumarket.lt\/lt\/wp-json\/wp\/v2\/product_brand?post=289958"},{"taxonomy":"product_cat","embeddable":true,"href":"https:\/\/baldumarket.lt\/lt\/wp-json\/wp\/v2\/product_cat?post=289958"},{"taxonomy":"product_tag","embeddable":true,"href":"https:\/\/baldumarket.lt\/lt\/wp-json\/wp\/v2\/product_tag?post=289958"}],"curies":[{"name":"wp","href":"https:\/\/api.w.org\/{rel}","templated":true}]}}