{"id":289946,"date":"2026-01-14T23:31:30","date_gmt":"2026-01-14T20:31:30","guid":{"rendered":"https:\/\/baldumarket.lt\/product\/system-armario-typ-f-asm\/"},"modified":"2026-02-11T18:16:55","modified_gmt":"2026-02-11T15:16:55","slug":"system-armario-typ-f-asm","status":"publish","type":"product","link":"https:\/\/baldumarket.lt\/lt\/product\/system-armario-typ-f-asm\/","title":{"rendered":"\u201eArmario\u201c sistema, F tipo ASM"},"content":{"rendered":"<p>Spintel\u0117 su dvigubomis durimis ir viena lentyna. Spintel\u0117 parduodama be pagalv\u0117l\u0117s.<\/p>","protected":false},"excerpt":{"rendered":"<p>Plotis (cm): 60<br \/>\n\u016agis (cm): 46<br \/>\nGylis (cm): 32<\/p>","protected":false},"featured_media":289947,"comment_status":"open","ping_status":"open","template":"","meta":[],"product_brand":[],"product_cat":[9202,1997],"product_tag":[],"class_list":{"0":"post-289946","1":"product","2":"type-product","3":"status-publish","4":"has-post-thumbnail","6":"product_cat-asm","7":"product_cat-shoe-cabinets","9":"first","10":"instock","11":"purchasable","12":"product-type-simple"},"_links":{"self":[{"href":"https:\/\/baldumarket.lt\/lt\/wp-json\/wp\/v2\/product\/289946","targetHints":{"allow":["GET"]}}],"collection":[{"href":"https:\/\/baldumarket.lt\/lt\/wp-json\/wp\/v2\/product"}],"about":[{"href":"https:\/\/baldumarket.lt\/lt\/wp-json\/wp\/v2\/types\/product"}],"replies":[{"embeddable":true,"href":"https:\/\/baldumarket.lt\/lt\/wp-json\/wp\/v2\/comments?post=289946"}],"wp:featuredmedia":[{"embeddable":true,"href":"https:\/\/baldumarket.lt\/lt\/wp-json\/wp\/v2\/media\/289947"}],"wp:attachment":[{"href":"https:\/\/baldumarket.lt\/lt\/wp-json\/wp\/v2\/media?parent=289946"}],"wp:term":[{"taxonomy":"product_brand","embeddable":true,"href":"https:\/\/baldumarket.lt\/lt\/wp-json\/wp\/v2\/product_brand?post=289946"},{"taxonomy":"product_cat","embeddable":true,"href":"https:\/\/baldumarket.lt\/lt\/wp-json\/wp\/v2\/product_cat?post=289946"},{"taxonomy":"product_tag","embeddable":true,"href":"https:\/\/baldumarket.lt\/lt\/wp-json\/wp\/v2\/product_tag?post=289946"}],"curies":[{"name":"wp","href":"https:\/\/api.w.org\/{rel}","templated":true}]}}