{"id":289924,"date":"2026-01-14T23:31:13","date_gmt":"2026-01-14T20:31:13","guid":{"rendered":"https:\/\/baldumarket.lt\/product\/szafka-do-przedpokoju-marco-g-asm\/"},"modified":"2026-02-11T18:16:56","modified_gmt":"2026-02-11T15:16:56","slug":"szafka-do-przedpokoju-marco-g-asm","status":"publish","type":"product","link":"https:\/\/baldumarket.lt\/lt\/product\/szafka-do-przedpokoju-marco-g-asm\/","title":{"rendered":"Marco G ASM prie\u0161kambario spintel\u0117"},"content":{"rendered":"<p>Spintel\u0117 su stal\u010diumi, 2 durel\u0117s apa\u010dioje, 2 \u012fprastos lentynos viduje.<\/p>","protected":false},"excerpt":{"rendered":"<p>Plotis (cm): 60<br \/>\n\u016agis (cm): 96<br \/>\nGylis (cm): 32<\/p>","protected":false},"featured_media":289925,"comment_status":"open","ping_status":"open","template":"","meta":[],"product_brand":[],"product_cat":[9202,1177],"product_tag":[],"class_list":{"0":"post-289924","1":"product","2":"type-product","3":"status-publish","4":"has-post-thumbnail","6":"product_cat-asm","7":"product_cat-wardrobes","9":"first","10":"instock","11":"purchasable","12":"product-type-simple"},"_links":{"self":[{"href":"https:\/\/baldumarket.lt\/lt\/wp-json\/wp\/v2\/product\/289924","targetHints":{"allow":["GET"]}}],"collection":[{"href":"https:\/\/baldumarket.lt\/lt\/wp-json\/wp\/v2\/product"}],"about":[{"href":"https:\/\/baldumarket.lt\/lt\/wp-json\/wp\/v2\/types\/product"}],"replies":[{"embeddable":true,"href":"https:\/\/baldumarket.lt\/lt\/wp-json\/wp\/v2\/comments?post=289924"}],"wp:featuredmedia":[{"embeddable":true,"href":"https:\/\/baldumarket.lt\/lt\/wp-json\/wp\/v2\/media\/289925"}],"wp:attachment":[{"href":"https:\/\/baldumarket.lt\/lt\/wp-json\/wp\/v2\/media?parent=289924"}],"wp:term":[{"taxonomy":"product_brand","embeddable":true,"href":"https:\/\/baldumarket.lt\/lt\/wp-json\/wp\/v2\/product_brand?post=289924"},{"taxonomy":"product_cat","embeddable":true,"href":"https:\/\/baldumarket.lt\/lt\/wp-json\/wp\/v2\/product_cat?post=289924"},{"taxonomy":"product_tag","embeddable":true,"href":"https:\/\/baldumarket.lt\/lt\/wp-json\/wp\/v2\/product_tag?post=289924"}],"curies":[{"name":"wp","href":"https:\/\/api.w.org\/{rel}","templated":true}]}}