{"id":289922,"date":"2026-01-14T23:31:11","date_gmt":"2026-01-14T20:31:11","guid":{"rendered":"https:\/\/baldumarket.lt\/product\/szafka-rtv-dallas-b-z-biokominkiem-dlb31-asm\/"},"modified":"2026-02-11T18:16:56","modified_gmt":"2026-02-11T15:16:56","slug":"szafka-rtv-dallas-b-z-biokominkiem-dlb31-asm","status":"publish","type":"product","link":"https:\/\/baldumarket.lt\/lt\/product\/szafka-rtv-dallas-b-z-biokominkiem-dlb31-asm\/","title":{"rendered":"Dallas B TV spintel\u0117 su bio\u017eidiniu DLB31 ASM"},"content":{"rendered":"<p>RTV: kair\u0117je pus\u0117je yra bio\u017eidinys. De\u0161in\u0117je pus\u0117je yra atvartas, u\u017e kurio yra viena ertm\u0117. Atidarymo sistema \u2013 spustel\u0117jimas.<\/p>","protected":false},"excerpt":{"rendered":"<p>Plotis (cm): 180<br \/>\n\u016agis (cm): 40<br \/>\nGylis (cm): 40<\/p>","protected":false},"featured_media":289923,"comment_status":"open","ping_status":"open","template":"","meta":[],"product_brand":[],"product_cat":[9202,1175],"product_tag":[],"class_list":{"0":"post-289922","1":"product","2":"type-product","3":"status-publish","4":"has-post-thumbnail","6":"product_cat-asm","7":"product_cat-tv-stands","9":"first","10":"instock","11":"purchasable","12":"product-type-simple"},"_links":{"self":[{"href":"https:\/\/baldumarket.lt\/lt\/wp-json\/wp\/v2\/product\/289922","targetHints":{"allow":["GET"]}}],"collection":[{"href":"https:\/\/baldumarket.lt\/lt\/wp-json\/wp\/v2\/product"}],"about":[{"href":"https:\/\/baldumarket.lt\/lt\/wp-json\/wp\/v2\/types\/product"}],"replies":[{"embeddable":true,"href":"https:\/\/baldumarket.lt\/lt\/wp-json\/wp\/v2\/comments?post=289922"}],"wp:featuredmedia":[{"embeddable":true,"href":"https:\/\/baldumarket.lt\/lt\/wp-json\/wp\/v2\/media\/289923"}],"wp:attachment":[{"href":"https:\/\/baldumarket.lt\/lt\/wp-json\/wp\/v2\/media?parent=289922"}],"wp:term":[{"taxonomy":"product_brand","embeddable":true,"href":"https:\/\/baldumarket.lt\/lt\/wp-json\/wp\/v2\/product_brand?post=289922"},{"taxonomy":"product_cat","embeddable":true,"href":"https:\/\/baldumarket.lt\/lt\/wp-json\/wp\/v2\/product_cat?post=289922"},{"taxonomy":"product_tag","embeddable":true,"href":"https:\/\/baldumarket.lt\/lt\/wp-json\/wp\/v2\/product_tag?post=289922"}],"curies":[{"name":"wp","href":"https:\/\/api.w.org\/{rel}","templated":true}]}}