{"id":289920,"date":"2026-01-14T23:31:09","date_gmt":"2026-01-14T20:31:09","guid":{"rendered":"https:\/\/baldumarket.lt\/product\/szafka-rtv-dallas-dab-flagstaff-asm\/"},"modified":"2026-02-11T18:16:56","modified_gmt":"2026-02-11T15:16:56","slug":"szafka-rtv-dallas-dab-flagstaff-asm","status":"publish","type":"product","link":"https:\/\/baldumarket.lt\/lt\/product\/szafka-rtv-dallas-dab-flagstaff-asm\/","title":{"rendered":"Dalaso \u0105\u017euolo Flagstafo televizoriaus spintel\u0117 ASM"},"content":{"rendered":"<p>RTV: Kair\u0117je pus\u0117je yra du atvartai, u\u017e kuri\u0173 yra du skyriai. De\u0161in\u0117je pus\u0117je yra atvira erdv\u0117, padalinta lentyna. Atidarymo sistema su spragtel\u0117jimu.<\/p>","protected":false},"excerpt":{"rendered":"<p>Plotis (cm): 180<br \/>\n\u016agis (cm): 30<br \/>\nGylis (cm): 40<\/p>","protected":false},"featured_media":289921,"comment_status":"open","ping_status":"open","template":"","meta":[],"product_brand":[],"product_cat":[9202,1175],"product_tag":[],"class_list":{"0":"post-289920","1":"product","2":"type-product","3":"status-publish","4":"has-post-thumbnail","6":"product_cat-asm","7":"product_cat-tv-stands","9":"first","10":"instock","11":"purchasable","12":"product-type-simple"},"_links":{"self":[{"href":"https:\/\/baldumarket.lt\/lt\/wp-json\/wp\/v2\/product\/289920","targetHints":{"allow":["GET"]}}],"collection":[{"href":"https:\/\/baldumarket.lt\/lt\/wp-json\/wp\/v2\/product"}],"about":[{"href":"https:\/\/baldumarket.lt\/lt\/wp-json\/wp\/v2\/types\/product"}],"replies":[{"embeddable":true,"href":"https:\/\/baldumarket.lt\/lt\/wp-json\/wp\/v2\/comments?post=289920"}],"wp:featuredmedia":[{"embeddable":true,"href":"https:\/\/baldumarket.lt\/lt\/wp-json\/wp\/v2\/media\/289921"}],"wp:attachment":[{"href":"https:\/\/baldumarket.lt\/lt\/wp-json\/wp\/v2\/media?parent=289920"}],"wp:term":[{"taxonomy":"product_brand","embeddable":true,"href":"https:\/\/baldumarket.lt\/lt\/wp-json\/wp\/v2\/product_brand?post=289920"},{"taxonomy":"product_cat","embeddable":true,"href":"https:\/\/baldumarket.lt\/lt\/wp-json\/wp\/v2\/product_cat?post=289920"},{"taxonomy":"product_tag","embeddable":true,"href":"https:\/\/baldumarket.lt\/lt\/wp-json\/wp\/v2\/product_tag?post=289920"}],"curies":[{"name":"wp","href":"https:\/\/api.w.org\/{rel}","templated":true}]}}