{"id":289904,"date":"2026-01-14T23:30:56","date_gmt":"2026-01-14T20:30:56","guid":{"rendered":"https:\/\/baldumarket.lt\/product\/szafka-rtv-fly-30-czarny-czarny-polysk-asm\/"},"modified":"2026-02-11T18:16:56","modified_gmt":"2026-02-11T15:16:56","slug":"szafka-rtv-fly-30-czarny-czarny-polysk-asm","status":"publish","type":"product","link":"https:\/\/baldumarket.lt\/lt\/product\/szafka-rtv-fly-30-czarny-czarny-polysk-asm\/","title":{"rendered":"Fly 30 TV spintel\u0117, juoda\/blizgi juoda, ASM"},"content":{"rendered":"<p>TV spintel\u0117, tipas 30: atvartas su dviem vyriais, trys skyriai viduje, blizg\u016bs PVC fasadai, spustel\u0117jimo sistema<\/p>","protected":false},"excerpt":{"rendered":"<p>Plotis (cm): 160<br \/>\n\u016agis (cm): 30<br \/>\nGylis (cm): 40<\/p>","protected":false},"featured_media":289905,"comment_status":"open","ping_status":"open","template":"","meta":[],"product_brand":[],"product_cat":[9202,1175],"product_tag":[],"class_list":{"0":"post-289904","1":"product","2":"type-product","3":"status-publish","4":"has-post-thumbnail","6":"product_cat-asm","7":"product_cat-tv-stands","9":"first","10":"instock","11":"purchasable","12":"product-type-simple"},"_links":{"self":[{"href":"https:\/\/baldumarket.lt\/lt\/wp-json\/wp\/v2\/product\/289904","targetHints":{"allow":["GET"]}}],"collection":[{"href":"https:\/\/baldumarket.lt\/lt\/wp-json\/wp\/v2\/product"}],"about":[{"href":"https:\/\/baldumarket.lt\/lt\/wp-json\/wp\/v2\/types\/product"}],"replies":[{"embeddable":true,"href":"https:\/\/baldumarket.lt\/lt\/wp-json\/wp\/v2\/comments?post=289904"}],"wp:featuredmedia":[{"embeddable":true,"href":"https:\/\/baldumarket.lt\/lt\/wp-json\/wp\/v2\/media\/289905"}],"wp:attachment":[{"href":"https:\/\/baldumarket.lt\/lt\/wp-json\/wp\/v2\/media?parent=289904"}],"wp:term":[{"taxonomy":"product_brand","embeddable":true,"href":"https:\/\/baldumarket.lt\/lt\/wp-json\/wp\/v2\/product_brand?post=289904"},{"taxonomy":"product_cat","embeddable":true,"href":"https:\/\/baldumarket.lt\/lt\/wp-json\/wp\/v2\/product_cat?post=289904"},{"taxonomy":"product_tag","embeddable":true,"href":"https:\/\/baldumarket.lt\/lt\/wp-json\/wp\/v2\/product_tag?post=289904"}],"curies":[{"name":"wp","href":"https:\/\/api.w.org\/{rel}","templated":true}]}}