{"id":289892,"date":"2026-01-14T23:30:45","date_gmt":"2026-01-14T20:30:45","guid":{"rendered":"https:\/\/baldumarket.lt\/product\/szafka-rtv-switch-3-grafit-asm\/"},"modified":"2026-02-11T18:16:57","modified_gmt":"2026-02-11T15:16:57","slug":"szafka-rtv-switch-3-grafit-asm","status":"publish","type":"product","link":"https:\/\/baldumarket.lt\/lt\/product\/szafka-rtv-switch-3-grafit-asm\/","title":{"rendered":"TV spintel\u0117s jungiklis 3 grafito ASM"},"content":{"rendered":"<p>De\u0161in\u0117je ir kair\u0117je pus\u0117je spustelint u\u017espaud\u017eiami atvartai paremti dujin\u0117mis amortizatoriais. U\u017e j\u0173 yra vienas skyrius. Centre \u2013 atviras skyrius su stikline lentyna, ap\u0161viesta m\u0117lynu LED ap\u0161vietimu.<\/p>","protected":false},"excerpt":{"rendered":"<p>Plotis (cm): 180<br \/>\n\u016agis (cm): 30<br \/>\nGylis (cm): 40<\/p>","protected":false},"featured_media":289893,"comment_status":"open","ping_status":"open","template":"","meta":[],"product_brand":[],"product_cat":[9202,1175],"product_tag":[],"class_list":{"0":"post-289892","1":"product","2":"type-product","3":"status-publish","4":"has-post-thumbnail","6":"product_cat-asm","7":"product_cat-tv-stands","9":"first","10":"instock","11":"purchasable","12":"product-type-simple"},"_links":{"self":[{"href":"https:\/\/baldumarket.lt\/lt\/wp-json\/wp\/v2\/product\/289892","targetHints":{"allow":["GET"]}}],"collection":[{"href":"https:\/\/baldumarket.lt\/lt\/wp-json\/wp\/v2\/product"}],"about":[{"href":"https:\/\/baldumarket.lt\/lt\/wp-json\/wp\/v2\/types\/product"}],"replies":[{"embeddable":true,"href":"https:\/\/baldumarket.lt\/lt\/wp-json\/wp\/v2\/comments?post=289892"}],"wp:featuredmedia":[{"embeddable":true,"href":"https:\/\/baldumarket.lt\/lt\/wp-json\/wp\/v2\/media\/289893"}],"wp:attachment":[{"href":"https:\/\/baldumarket.lt\/lt\/wp-json\/wp\/v2\/media?parent=289892"}],"wp:term":[{"taxonomy":"product_brand","embeddable":true,"href":"https:\/\/baldumarket.lt\/lt\/wp-json\/wp\/v2\/product_brand?post=289892"},{"taxonomy":"product_cat","embeddable":true,"href":"https:\/\/baldumarket.lt\/lt\/wp-json\/wp\/v2\/product_cat?post=289892"},{"taxonomy":"product_tag","embeddable":true,"href":"https:\/\/baldumarket.lt\/lt\/wp-json\/wp\/v2\/product_tag?post=289892"}],"curies":[{"name":"wp","href":"https:\/\/api.w.org\/{rel}","templated":true}]}}