{"id":289868,"date":"2026-01-14T23:30:25","date_gmt":"2026-01-14T20:30:25","guid":{"rendered":"https:\/\/baldumarket.lt\/product\/szafka-wiszaca-switch-3-grafit-asm\/"},"modified":"2026-02-11T18:16:57","modified_gmt":"2026-02-11T15:16:57","slug":"szafka-wiszaca-switch-3-grafit-asm","status":"publish","type":"product","link":"https:\/\/baldumarket.lt\/lt\/product\/szafka-wiszaca-switch-3-grafit-asm\/","title":{"rendered":"3 jungiklio pakabinama spintel\u0117 grafito spalvos ASM"},"content":{"rendered":"<p>Vertikali vitrina: 1 pora tvirt\u0173 dureli\u0173, u\u017e kuri\u0173 1 standartin\u0117 lentyna (2 vietos). Korpusas su ABS apvadu, PVC fasadai su spustel\u0117jimu atidaromu atidarymu. Universalus dureli\u0173 tvirtinimas.<\/p>","protected":false},"excerpt":{"rendered":"<p>Plotis (cm): 60<br \/>\n\u016agis (cm): 60<br \/>\nGylis (cm): 30<\/p>","protected":false},"featured_media":289869,"comment_status":"open","ping_status":"open","template":"","meta":[],"product_brand":[],"product_cat":[9202,9120],"product_tag":[],"class_list":{"0":"post-289868","1":"product","2":"type-product","3":"status-publish","4":"has-post-thumbnail","6":"product_cat-asm","7":"product_cat-cabinets","9":"first","10":"instock","11":"purchasable","12":"product-type-simple"},"_links":{"self":[{"href":"https:\/\/baldumarket.lt\/lt\/wp-json\/wp\/v2\/product\/289868","targetHints":{"allow":["GET"]}}],"collection":[{"href":"https:\/\/baldumarket.lt\/lt\/wp-json\/wp\/v2\/product"}],"about":[{"href":"https:\/\/baldumarket.lt\/lt\/wp-json\/wp\/v2\/types\/product"}],"replies":[{"embeddable":true,"href":"https:\/\/baldumarket.lt\/lt\/wp-json\/wp\/v2\/comments?post=289868"}],"wp:featuredmedia":[{"embeddable":true,"href":"https:\/\/baldumarket.lt\/lt\/wp-json\/wp\/v2\/media\/289869"}],"wp:attachment":[{"href":"https:\/\/baldumarket.lt\/lt\/wp-json\/wp\/v2\/media?parent=289868"}],"wp:term":[{"taxonomy":"product_brand","embeddable":true,"href":"https:\/\/baldumarket.lt\/lt\/wp-json\/wp\/v2\/product_brand?post=289868"},{"taxonomy":"product_cat","embeddable":true,"href":"https:\/\/baldumarket.lt\/lt\/wp-json\/wp\/v2\/product_cat?post=289868"},{"taxonomy":"product_tag","embeddable":true,"href":"https:\/\/baldumarket.lt\/lt\/wp-json\/wp\/v2\/product_tag?post=289868"}],"curies":[{"name":"wp","href":"https:\/\/api.w.org\/{rel}","templated":true}]}}