{"id":289850,"date":"2026-01-14T23:30:09","date_gmt":"2026-01-14T20:30:09","guid":{"rendered":"https:\/\/baldumarket.lt\/product\/thin-zestaw-k-asm\/"},"modified":"2026-02-11T18:16:58","modified_gmt":"2026-02-11T15:16:58","slug":"thin-zestaw-k-asm","status":"publish","type":"product","link":"https:\/\/baldumarket.lt\/lt\/product\/thin-zestaw-k-asm\/","title":{"rendered":"Plonas Kit-K ASM"},"content":{"rendered":"<p>Plonas rinkinys-K<br \/>\nSpalva: korpusas: Wotan, priekis: Wotan, juodas aliuminio r\u0117mas, juodas bio\u017eidinys, juodos kojel\u0117s<br \/>\nKonstrukcija: K\u0117bulas: Priekis:<\/p>","protected":false},"excerpt":{"rendered":"<p>Plotis (cm): 340<br \/>\n\u016agis (cm): 197<br \/>\nGylis (cm): 45<br \/>\nAsambl\u0117ja<br \/>\nSavaranki\u0161kas surinkimas<\/p>","protected":false},"featured_media":289851,"comment_status":"open","ping_status":"open","template":"","meta":[],"product_brand":[],"product_cat":[9202,2008],"product_tag":[],"class_list":{"0":"post-289850","1":"product","2":"type-product","3":"status-publish","4":"has-post-thumbnail","6":"product_cat-asm","7":"product_cat-wall-units","9":"first","10":"instock","11":"purchasable","12":"product-type-simple"},"_links":{"self":[{"href":"https:\/\/baldumarket.lt\/lt\/wp-json\/wp\/v2\/product\/289850","targetHints":{"allow":["GET"]}}],"collection":[{"href":"https:\/\/baldumarket.lt\/lt\/wp-json\/wp\/v2\/product"}],"about":[{"href":"https:\/\/baldumarket.lt\/lt\/wp-json\/wp\/v2\/types\/product"}],"replies":[{"embeddable":true,"href":"https:\/\/baldumarket.lt\/lt\/wp-json\/wp\/v2\/comments?post=289850"}],"wp:featuredmedia":[{"embeddable":true,"href":"https:\/\/baldumarket.lt\/lt\/wp-json\/wp\/v2\/media\/289851"}],"wp:attachment":[{"href":"https:\/\/baldumarket.lt\/lt\/wp-json\/wp\/v2\/media?parent=289850"}],"wp:term":[{"taxonomy":"product_brand","embeddable":true,"href":"https:\/\/baldumarket.lt\/lt\/wp-json\/wp\/v2\/product_brand?post=289850"},{"taxonomy":"product_cat","embeddable":true,"href":"https:\/\/baldumarket.lt\/lt\/wp-json\/wp\/v2\/product_cat?post=289850"},{"taxonomy":"product_tag","embeddable":true,"href":"https:\/\/baldumarket.lt\/lt\/wp-json\/wp\/v2\/product_tag?post=289850"}],"curies":[{"name":"wp","href":"https:\/\/api.w.org\/{rel}","templated":true}]}}