{"id":289840,"date":"2026-01-14T23:30:00","date_gmt":"2026-01-14T20:30:00","guid":{"rendered":"https:\/\/baldumarket.lt\/product\/witryna-wiszaca-switch-1-grafit-asm\/"},"modified":"2026-02-11T18:16:58","modified_gmt":"2026-02-11T15:16:58","slug":"witryna-wiszaca-switch-1-grafit-asm","status":"publish","type":"product","link":"https:\/\/baldumarket.lt\/lt\/product\/witryna-wiszaca-switch-1-grafit-asm\/","title":{"rendered":"Pakabinama vitrina \u201eSwitch 1\u201c, grafito spalvos ASM"},"content":{"rendered":"<p>Vertikali vitrina: 1 pora i\u0161 dalies \u012fstiklint\u0173 dureli\u0173, u\u017e kuri\u0173 yra 3 stiklin\u0117s lentynos, ap\u0161viestos m\u0117lyna LED lempute (4 vietos). Korpusas su ABS apvadu, PVC fasadai su spustel\u0117jimu atidaromu atidarymu. Universalus dureli\u0173 tvirtinimas.<\/p>","protected":false},"excerpt":{"rendered":"<p>Plotis (cm): 30<br \/>\n\u016agis (cm): 180<br \/>\nGylis (cm): 30<\/p>","protected":false},"featured_media":289841,"comment_status":"open","ping_status":"open","template":"","meta":[],"product_brand":[],"product_cat":[9202,2006],"product_tag":[],"class_list":{"0":"post-289840","1":"product","2":"type-product","3":"status-publish","4":"has-post-thumbnail","6":"product_cat-asm","7":"product_cat-vitrines","9":"first","10":"instock","11":"purchasable","12":"product-type-simple"},"_links":{"self":[{"href":"https:\/\/baldumarket.lt\/lt\/wp-json\/wp\/v2\/product\/289840","targetHints":{"allow":["GET"]}}],"collection":[{"href":"https:\/\/baldumarket.lt\/lt\/wp-json\/wp\/v2\/product"}],"about":[{"href":"https:\/\/baldumarket.lt\/lt\/wp-json\/wp\/v2\/types\/product"}],"replies":[{"embeddable":true,"href":"https:\/\/baldumarket.lt\/lt\/wp-json\/wp\/v2\/comments?post=289840"}],"wp:featuredmedia":[{"embeddable":true,"href":"https:\/\/baldumarket.lt\/lt\/wp-json\/wp\/v2\/media\/289841"}],"wp:attachment":[{"href":"https:\/\/baldumarket.lt\/lt\/wp-json\/wp\/v2\/media?parent=289840"}],"wp:term":[{"taxonomy":"product_brand","embeddable":true,"href":"https:\/\/baldumarket.lt\/lt\/wp-json\/wp\/v2\/product_brand?post=289840"},{"taxonomy":"product_cat","embeddable":true,"href":"https:\/\/baldumarket.lt\/lt\/wp-json\/wp\/v2\/product_cat?post=289840"},{"taxonomy":"product_tag","embeddable":true,"href":"https:\/\/baldumarket.lt\/lt\/wp-json\/wp\/v2\/product_tag?post=289840"}],"curies":[{"name":"wp","href":"https:\/\/api.w.org\/{rel}","templated":true}]}}