{"id":289812,"date":"2026-01-14T23:29:37","date_gmt":"2026-01-14T20:29:37","guid":{"rendered":"https:\/\/baldumarket.lt\/product\/zestaw-mebli-mlodziezowych-dino-1-asm\/"},"modified":"2026-02-11T18:16:59","modified_gmt":"2026-02-11T15:16:59","slug":"zestaw-mebli-mlodziezowych-dino-1-asm","status":"publish","type":"product","link":"https:\/\/baldumarket.lt\/lt\/product\/zestaw-mebli-mlodziezowych-dino-1-asm\/","title":{"rendered":"DINO 1 ASM jaunimo bald\u0173 komplektas"},"content":{"rendered":"<p>Spinta su dviem durimis, viena lentyna viduje, apa\u010dioje esan\u010diu skersiniu vienoje pus\u0117je ir trimis lentynomis kitoje. Lentyna su keturiomis lentynomis \u2013 penkios vietos. Prie sienos tvirtinama spintel\u0117 su dviem lentynomis ir dviem durimis. Lova su dviem stal\u010diais ir dviem skyriais.<\/p>","protected":false},"excerpt":{"rendered":"<p>Spinta su dviem durimis, viena lentyna viduje, apa\u010dioje esan\u010diu skersiniu vienoje pus\u0117je ir trimis lentynomis kitoje. Lentyna su keturiomis lentynomis \u2013 penkios vietos. Prie sienos tvirtinama spintel\u0117 su dviem lentynomis ir dviem durimis. Lova su dviem stal\u010diais ir dviem skyriais.<\/p>","protected":false},"featured_media":289813,"comment_status":"open","ping_status":"open","template":"","meta":[],"product_brand":[],"product_cat":[9202,9134],"product_tag":[],"class_list":{"0":"post-289812","1":"product","2":"type-product","3":"status-publish","4":"has-post-thumbnail","6":"product_cat-asm","7":"product_cat-bedroom-sets","9":"first","10":"instock","11":"purchasable","12":"product-type-simple"},"_links":{"self":[{"href":"https:\/\/baldumarket.lt\/lt\/wp-json\/wp\/v2\/product\/289812","targetHints":{"allow":["GET"]}}],"collection":[{"href":"https:\/\/baldumarket.lt\/lt\/wp-json\/wp\/v2\/product"}],"about":[{"href":"https:\/\/baldumarket.lt\/lt\/wp-json\/wp\/v2\/types\/product"}],"replies":[{"embeddable":true,"href":"https:\/\/baldumarket.lt\/lt\/wp-json\/wp\/v2\/comments?post=289812"}],"wp:featuredmedia":[{"embeddable":true,"href":"https:\/\/baldumarket.lt\/lt\/wp-json\/wp\/v2\/media\/289813"}],"wp:attachment":[{"href":"https:\/\/baldumarket.lt\/lt\/wp-json\/wp\/v2\/media?parent=289812"}],"wp:term":[{"taxonomy":"product_brand","embeddable":true,"href":"https:\/\/baldumarket.lt\/lt\/wp-json\/wp\/v2\/product_brand?post=289812"},{"taxonomy":"product_cat","embeddable":true,"href":"https:\/\/baldumarket.lt\/lt\/wp-json\/wp\/v2\/product_cat?post=289812"},{"taxonomy":"product_tag","embeddable":true,"href":"https:\/\/baldumarket.lt\/lt\/wp-json\/wp\/v2\/product_tag?post=289812"}],"curies":[{"name":"wp","href":"https:\/\/api.w.org\/{rel}","templated":true}]}}