{"id":289806,"date":"2026-01-14T23:29:32","date_gmt":"2026-01-14T20:29:32","guid":{"rendered":"https:\/\/baldumarket.lt\/product\/zestaw-mebli-mlodziezowych-dino-4-asm\/"},"modified":"2026-02-11T18:16:59","modified_gmt":"2026-02-11T15:16:59","slug":"zestaw-mebli-mlodziezowych-dino-4-asm","status":"publish","type":"product","link":"https:\/\/baldumarket.lt\/lt\/product\/zestaw-mebli-mlodziezowych-dino-4-asm\/","title":{"rendered":"DINO 4 ASM jaunimo bald\u0173 komplektas"},"content":{"rendered":"<p>Spinta su trimis durimis (vienos su veidrod\u017eiu). Viduje trys lentynos ir trys stal\u010diai. Kiekvienoje \u0161onin\u0117je dalyje yra po dvi lentynas ir pakaba daiktams. Lentyna su keturiomis lentynomis \u2013 penki skyriai. Prie sienos tvirtinama spintel\u0117 su dviem lentynomis ir dviem durimis. Lova su dviem stal\u010diais ir dviem skyriais. Ra\u0161omasis stalas su stal\u010diumi, spintele ir i\u0161traukiama lentyna.<\/p>","protected":false},"excerpt":{"rendered":"<p>Spinta su trimis durimis (vienos su veidrod\u017eiu). Viduje trys lentynos ir trys stal\u010diai. Kiekvienoje \u0161onin\u0117je dalyje yra po dvi lentynas ir pakaba spintelei. Lentyna su keturiomis lentynomis \u2013 penki skyriai. Prie sienos tvirtinama spintel\u0117 su dviem lentynomis ir dviem durimis. Lova su dviem stal\u010diais ir dviem skyriais. Ra\u0161omasis stalas su stal\u010diumi, [\u2026]<\/p>","protected":false},"featured_media":289807,"comment_status":"open","ping_status":"open","template":"","meta":[],"product_brand":[],"product_cat":[9202,9134],"product_tag":[],"class_list":{"0":"post-289806","1":"product","2":"type-product","3":"status-publish","4":"has-post-thumbnail","6":"product_cat-asm","7":"product_cat-bedroom-sets","9":"first","10":"instock","11":"purchasable","12":"product-type-simple"},"_links":{"self":[{"href":"https:\/\/baldumarket.lt\/lt\/wp-json\/wp\/v2\/product\/289806","targetHints":{"allow":["GET"]}}],"collection":[{"href":"https:\/\/baldumarket.lt\/lt\/wp-json\/wp\/v2\/product"}],"about":[{"href":"https:\/\/baldumarket.lt\/lt\/wp-json\/wp\/v2\/types\/product"}],"replies":[{"embeddable":true,"href":"https:\/\/baldumarket.lt\/lt\/wp-json\/wp\/v2\/comments?post=289806"}],"wp:featuredmedia":[{"embeddable":true,"href":"https:\/\/baldumarket.lt\/lt\/wp-json\/wp\/v2\/media\/289807"}],"wp:attachment":[{"href":"https:\/\/baldumarket.lt\/lt\/wp-json\/wp\/v2\/media?parent=289806"}],"wp:term":[{"taxonomy":"product_brand","embeddable":true,"href":"https:\/\/baldumarket.lt\/lt\/wp-json\/wp\/v2\/product_brand?post=289806"},{"taxonomy":"product_cat","embeddable":true,"href":"https:\/\/baldumarket.lt\/lt\/wp-json\/wp\/v2\/product_cat?post=289806"},{"taxonomy":"product_tag","embeddable":true,"href":"https:\/\/baldumarket.lt\/lt\/wp-json\/wp\/v2\/product_tag?post=289806"}],"curies":[{"name":"wp","href":"https:\/\/api.w.org\/{rel}","templated":true}]}}