{"id":289803,"date":"2026-01-14T23:29:30","date_gmt":"2026-01-14T20:29:30","guid":{"rendered":"https:\/\/baldumarket.lt\/product\/witryna-wiszaca-switch-3-asm\/"},"modified":"2026-02-11T18:17:00","modified_gmt":"2026-02-11T15:17:00","slug":"witryna-wiszaca-switch-3-asm","status":"publish","type":"product","link":"https:\/\/baldumarket.lt\/lt\/product\/witryna-wiszaca-switch-3-asm\/","title":{"rendered":"\u201eSwitch 3 ASM\u201c pakabinama vitrina"},"content":{"rendered":"<p>Vertikali vitrina: 1 pora i\u0161 dalies \u012fstiklint\u0173 dureli\u0173, u\u017e kuri\u0173 yra 1 stiklin\u0117 lentyn\u0117l\u0117, ap\u0161viesta m\u0117lyna LED lempute (2 vietos). Korpusas su ABS apvadu, PVC fasadai su spragtel\u0117jimu atidaromu atidarymu. Universalus dureli\u0173 tvirtinimas.<\/p>","protected":false},"excerpt":{"rendered":"<p>Plotis (cm): 60<br \/>\n\u016agis (cm): 60<br \/>\nGylis (cm): 30<\/p>","protected":false},"featured_media":289804,"comment_status":"open","ping_status":"open","template":"","meta":[],"product_brand":[],"product_cat":[9202,2006],"product_tag":[],"class_list":{"0":"post-289803","1":"product","2":"type-product","3":"status-publish","4":"has-post-thumbnail","6":"product_cat-asm","7":"product_cat-vitrines","9":"first","10":"instock","11":"purchasable","12":"product-type-simple"},"_links":{"self":[{"href":"https:\/\/baldumarket.lt\/lt\/wp-json\/wp\/v2\/product\/289803","targetHints":{"allow":["GET"]}}],"collection":[{"href":"https:\/\/baldumarket.lt\/lt\/wp-json\/wp\/v2\/product"}],"about":[{"href":"https:\/\/baldumarket.lt\/lt\/wp-json\/wp\/v2\/types\/product"}],"replies":[{"embeddable":true,"href":"https:\/\/baldumarket.lt\/lt\/wp-json\/wp\/v2\/comments?post=289803"}],"wp:featuredmedia":[{"embeddable":true,"href":"https:\/\/baldumarket.lt\/lt\/wp-json\/wp\/v2\/media\/289804"}],"wp:attachment":[{"href":"https:\/\/baldumarket.lt\/lt\/wp-json\/wp\/v2\/media?parent=289803"}],"wp:term":[{"taxonomy":"product_brand","embeddable":true,"href":"https:\/\/baldumarket.lt\/lt\/wp-json\/wp\/v2\/product_brand?post=289803"},{"taxonomy":"product_cat","embeddable":true,"href":"https:\/\/baldumarket.lt\/lt\/wp-json\/wp\/v2\/product_cat?post=289803"},{"taxonomy":"product_tag","embeddable":true,"href":"https:\/\/baldumarket.lt\/lt\/wp-json\/wp\/v2\/product_tag?post=289803"}],"curies":[{"name":"wp","href":"https:\/\/api.w.org\/{rel}","templated":true}]}}