{"id":289787,"date":"2026-01-14T23:29:20","date_gmt":"2026-01-14T20:29:20","guid":{"rendered":"https:\/\/baldumarket.lt\/product\/zestaw-mebli-do-przedpokoju-marco-ii-asm\/"},"modified":"2026-02-11T18:17:00","modified_gmt":"2026-02-11T15:17:00","slug":"zestaw-mebli-do-przedpokoju-marco-ii-asm","status":"publish","type":"product","link":"https:\/\/baldumarket.lt\/lt\/product\/zestaw-mebli-do-przedpokoju-marco-ii-asm\/","title":{"rendered":"Marco II ASM prie\u0161kambario bald\u0173 komplektas"},"content":{"rendered":"<p>\u012e rinkin\u012f \u012feina:<br \/>\nSpintel\u0117 su stal\u010diumi ir 2 durel\u0117mis. Viduje 2 standartin\u0117s lentynos.<br \/>\nSpintel\u0117 su dvigubomis durimis, 1 standartine lentyna viduje.<br \/>\nLentyna su statmena pakaba apa\u010dioje ir 2 atskirais prie sienos tvirtinamais drabu\u017ei\u0173 kabliukais.<br \/>\nLentynos plok\u0161t\u0117 su veidrod\u017eiu.<br \/>\nPagalv\u0117s ne\u012fskai\u010diuotos.<\/p>","protected":false},"excerpt":{"rendered":"<p>Plotis (cm): 120<br \/>\n\u016agis (cm): 203<br \/>\nGylis (cm): 32<\/p>","protected":false},"featured_media":289788,"comment_status":"open","ping_status":"open","template":"","meta":[],"product_brand":[],"product_cat":[9202,1177],"product_tag":[],"class_list":{"0":"post-289787","1":"product","2":"type-product","3":"status-publish","4":"has-post-thumbnail","6":"product_cat-asm","7":"product_cat-wardrobes","9":"first","10":"instock","11":"purchasable","12":"product-type-simple"},"_links":{"self":[{"href":"https:\/\/baldumarket.lt\/lt\/wp-json\/wp\/v2\/product\/289787","targetHints":{"allow":["GET"]}}],"collection":[{"href":"https:\/\/baldumarket.lt\/lt\/wp-json\/wp\/v2\/product"}],"about":[{"href":"https:\/\/baldumarket.lt\/lt\/wp-json\/wp\/v2\/types\/product"}],"replies":[{"embeddable":true,"href":"https:\/\/baldumarket.lt\/lt\/wp-json\/wp\/v2\/comments?post=289787"}],"wp:featuredmedia":[{"embeddable":true,"href":"https:\/\/baldumarket.lt\/lt\/wp-json\/wp\/v2\/media\/289788"}],"wp:attachment":[{"href":"https:\/\/baldumarket.lt\/lt\/wp-json\/wp\/v2\/media?parent=289787"}],"wp:term":[{"taxonomy":"product_brand","embeddable":true,"href":"https:\/\/baldumarket.lt\/lt\/wp-json\/wp\/v2\/product_brand?post=289787"},{"taxonomy":"product_cat","embeddable":true,"href":"https:\/\/baldumarket.lt\/lt\/wp-json\/wp\/v2\/product_cat?post=289787"},{"taxonomy":"product_tag","embeddable":true,"href":"https:\/\/baldumarket.lt\/lt\/wp-json\/wp\/v2\/product_tag?post=289787"}],"curies":[{"name":"wp","href":"https:\/\/api.w.org\/{rel}","templated":true}]}}