{"id":289777,"date":"2026-01-14T23:29:13","date_gmt":"2026-01-14T20:29:13","guid":{"rendered":"https:\/\/baldumarket.lt\/product\/zestaw-mebli-do-przedpokoju-marco-i-asm\/"},"modified":"2026-02-11T18:17:00","modified_gmt":"2026-02-11T15:17:00","slug":"zestaw-mebli-do-przedpokoju-marco-i-asm","status":"publish","type":"product","link":"https:\/\/baldumarket.lt\/lt\/product\/zestaw-mebli-do-przedpokoju-marco-i-asm\/","title":{"rendered":"Marco I ASM prie\u0161kambario bald\u0173 komplektas"},"content":{"rendered":"<p>\u012e rinkin\u012f \u012feina:<br \/>\nPastatomoji spintel\u0117: 3 atviros erdv\u0117s (2 standartin\u0117s lentynos), 1 stal\u010dius ir 1 durel\u0117s apa\u010dioje. U\u017e dureli\u0173 yra 2 standartin\u0117s lentynos.<br \/>\nDviej\u0173 dur\u0173 spinta su 1 standartine lentyna viduje.<br \/>\nPakabinimo plok\u0161t\u0117 su lentyna apa\u010dioje, statmena pakaba ir 2 atskirais prie sienos tvirtinamais drabu\u017ei\u0173 kabliukais. PAGALV\u0116L\u0116 NE\u012eSKAI\u010cIUOTA.<\/p>","protected":false},"excerpt":{"rendered":"<p>Plotis (cm): 90<br \/>\n\u016agis (cm): 203<br \/>\nGylis (cm): 32<\/p>","protected":false},"featured_media":289778,"comment_status":"open","ping_status":"open","template":"","meta":[],"product_brand":[],"product_cat":[9202,1177],"product_tag":[],"class_list":{"0":"post-289777","1":"product","2":"type-product","3":"status-publish","4":"has-post-thumbnail","6":"product_cat-asm","7":"product_cat-wardrobes","9":"first","10":"instock","11":"purchasable","12":"product-type-simple"},"_links":{"self":[{"href":"https:\/\/baldumarket.lt\/lt\/wp-json\/wp\/v2\/product\/289777","targetHints":{"allow":["GET"]}}],"collection":[{"href":"https:\/\/baldumarket.lt\/lt\/wp-json\/wp\/v2\/product"}],"about":[{"href":"https:\/\/baldumarket.lt\/lt\/wp-json\/wp\/v2\/types\/product"}],"replies":[{"embeddable":true,"href":"https:\/\/baldumarket.lt\/lt\/wp-json\/wp\/v2\/comments?post=289777"}],"wp:featuredmedia":[{"embeddable":true,"href":"https:\/\/baldumarket.lt\/lt\/wp-json\/wp\/v2\/media\/289778"}],"wp:attachment":[{"href":"https:\/\/baldumarket.lt\/lt\/wp-json\/wp\/v2\/media?parent=289777"}],"wp:term":[{"taxonomy":"product_brand","embeddable":true,"href":"https:\/\/baldumarket.lt\/lt\/wp-json\/wp\/v2\/product_brand?post=289777"},{"taxonomy":"product_cat","embeddable":true,"href":"https:\/\/baldumarket.lt\/lt\/wp-json\/wp\/v2\/product_cat?post=289777"},{"taxonomy":"product_tag","embeddable":true,"href":"https:\/\/baldumarket.lt\/lt\/wp-json\/wp\/v2\/product_tag?post=289777"}],"curies":[{"name":"wp","href":"https:\/\/api.w.org\/{rel}","templated":true}]}}