{"id":289772,"date":"2026-01-14T23:29:10","date_gmt":"2026-01-14T20:29:10","guid":{"rendered":"https:\/\/baldumarket.lt\/product\/komoda-liam-asm\/"},"modified":"2026-02-11T18:17:00","modified_gmt":"2026-02-11T15:17:00","slug":"komoda-liam-asm","status":"publish","type":"product","link":"https:\/\/baldumarket.lt\/lt\/product\/komoda-liam-asm\/","title":{"rendered":"Liam ASM komoda"},"content":{"rendered":"<p>Komoda: 2 durel\u0117s su juodais aliuminio r\u0117mais, kiekvienoje yra stiklin\u0117 lentyn\u0117l\u0117 su baltu LED ap\u0161vietimu. Dvejos durel\u0117s centre. U\u017e dureli\u0173 yra viena standartin\u0117 lentyn\u0117l\u0117. Juodos medin\u0117s kojel\u0117s. Atidarymo sistema \u201espustelint spragtel\u0117jim\u0105\u201c.<\/p>","protected":false},"excerpt":{"rendered":"<p>Plotis (cm): 160<br \/>\n\u016agis (cm): 82<br \/>\nGylis (cm): 40<\/p>","protected":false},"featured_media":289773,"comment_status":"open","ping_status":"open","template":"","meta":[],"product_brand":[],"product_cat":[9202,1173],"product_tag":[],"class_list":{"0":"post-289772","1":"product","2":"type-product","3":"status-publish","4":"has-post-thumbnail","6":"product_cat-asm","7":"product_cat-chests-of-drawers","9":"first","10":"instock","11":"purchasable","12":"product-type-simple"},"_links":{"self":[{"href":"https:\/\/baldumarket.lt\/lt\/wp-json\/wp\/v2\/product\/289772","targetHints":{"allow":["GET"]}}],"collection":[{"href":"https:\/\/baldumarket.lt\/lt\/wp-json\/wp\/v2\/product"}],"about":[{"href":"https:\/\/baldumarket.lt\/lt\/wp-json\/wp\/v2\/types\/product"}],"replies":[{"embeddable":true,"href":"https:\/\/baldumarket.lt\/lt\/wp-json\/wp\/v2\/comments?post=289772"}],"wp:featuredmedia":[{"embeddable":true,"href":"https:\/\/baldumarket.lt\/lt\/wp-json\/wp\/v2\/media\/289773"}],"wp:attachment":[{"href":"https:\/\/baldumarket.lt\/lt\/wp-json\/wp\/v2\/media?parent=289772"}],"wp:term":[{"taxonomy":"product_brand","embeddable":true,"href":"https:\/\/baldumarket.lt\/lt\/wp-json\/wp\/v2\/product_brand?post=289772"},{"taxonomy":"product_cat","embeddable":true,"href":"https:\/\/baldumarket.lt\/lt\/wp-json\/wp\/v2\/product_cat?post=289772"},{"taxonomy":"product_tag","embeddable":true,"href":"https:\/\/baldumarket.lt\/lt\/wp-json\/wp\/v2\/product_tag?post=289772"}],"curies":[{"name":"wp","href":"https:\/\/api.w.org\/{rel}","templated":true}]}}