{"id":289762,"date":"2026-01-14T23:29:03","date_gmt":"2026-01-14T20:29:03","guid":{"rendered":"https:\/\/baldumarket.lt\/product\/szafka-rtv-liam-z-bio-kominkiem-asm\/"},"modified":"2026-02-11T18:17:00","modified_gmt":"2026-02-11T15:17:00","slug":"szafka-rtv-liam-z-bio-kominkiem-asm","status":"publish","type":"product","link":"https:\/\/baldumarket.lt\/lt\/product\/szafka-rtv-liam-z-bio-kominkiem-asm\/","title":{"rendered":"Liam TV spintel\u0117 su ASM bio\u017eidiniu"},"content":{"rendered":"<p>RTV: dvejos durys, kiekvienos su vienu skyriumi. Viduje yra juodas bio\u017eidinys. Juodos medin\u0117s kojel\u0117s. Spragtel\u0117jimo sistema.<\/p>","protected":false},"excerpt":{"rendered":"<p>Plotis (cm): 160<br \/>\n\u016agis (cm): 52<br \/>\nGylis (cm): 45<\/p>","protected":false},"featured_media":289763,"comment_status":"open","ping_status":"open","template":"","meta":[],"product_brand":[],"product_cat":[9202,1175],"product_tag":[],"class_list":{"0":"post-289762","1":"product","2":"type-product","3":"status-publish","4":"has-post-thumbnail","6":"product_cat-asm","7":"product_cat-tv-stands","9":"first","10":"instock","11":"purchasable","12":"product-type-simple"},"_links":{"self":[{"href":"https:\/\/baldumarket.lt\/lt\/wp-json\/wp\/v2\/product\/289762","targetHints":{"allow":["GET"]}}],"collection":[{"href":"https:\/\/baldumarket.lt\/lt\/wp-json\/wp\/v2\/product"}],"about":[{"href":"https:\/\/baldumarket.lt\/lt\/wp-json\/wp\/v2\/types\/product"}],"replies":[{"embeddable":true,"href":"https:\/\/baldumarket.lt\/lt\/wp-json\/wp\/v2\/comments?post=289762"}],"wp:featuredmedia":[{"embeddable":true,"href":"https:\/\/baldumarket.lt\/lt\/wp-json\/wp\/v2\/media\/289763"}],"wp:attachment":[{"href":"https:\/\/baldumarket.lt\/lt\/wp-json\/wp\/v2\/media?parent=289762"}],"wp:term":[{"taxonomy":"product_brand","embeddable":true,"href":"https:\/\/baldumarket.lt\/lt\/wp-json\/wp\/v2\/product_brand?post=289762"},{"taxonomy":"product_cat","embeddable":true,"href":"https:\/\/baldumarket.lt\/lt\/wp-json\/wp\/v2\/product_cat?post=289762"},{"taxonomy":"product_tag","embeddable":true,"href":"https:\/\/baldumarket.lt\/lt\/wp-json\/wp\/v2\/product_tag?post=289762"}],"curies":[{"name":"wp","href":"https:\/\/api.w.org\/{rel}","templated":true}]}}