{"id":289747,"date":"2026-01-14T23:28:54","date_gmt":"2026-01-14T20:28:54","guid":{"rendered":"https:\/\/baldumarket.lt\/product\/witryna-liam-wysoka-asm\/"},"modified":"2026-02-11T18:17:01","modified_gmt":"2026-02-11T15:17:01","slug":"witryna-liam-wysoka-asm","status":"publish","type":"product","link":"https:\/\/baldumarket.lt\/lt\/product\/witryna-liam-wysoka-asm\/","title":{"rendered":"Liam High ASM svetain\u0117"},"content":{"rendered":"<p>Auk\u0161ta vitrina: stiklin\u0117s durel\u0117s su juodu aliuminio r\u0117mu. U\u017e j\u0173 yra keturios stiklin\u0117s lentynos su baltu LED ap\u0161vietimu. Standartin\u0117s durel\u0117s, viduje keturios standartin\u0117s lentyn\u0117l\u0117s. Juodos medin\u0117s kojel\u0117s. Spragtel\u0117jimo sistema.<\/p>","protected":false},"excerpt":{"rendered":"<p>Plotis (cm): 70<br \/>\n\u016agis (cm): 192<br \/>\nGylis (cm): 40<\/p>","protected":false},"featured_media":289748,"comment_status":"open","ping_status":"open","template":"","meta":[],"product_brand":[],"product_cat":[9202,2006],"product_tag":[],"class_list":{"0":"post-289747","1":"product","2":"type-product","3":"status-publish","4":"has-post-thumbnail","6":"product_cat-asm","7":"product_cat-vitrines","9":"first","10":"instock","11":"purchasable","12":"product-type-simple"},"_links":{"self":[{"href":"https:\/\/baldumarket.lt\/lt\/wp-json\/wp\/v2\/product\/289747","targetHints":{"allow":["GET"]}}],"collection":[{"href":"https:\/\/baldumarket.lt\/lt\/wp-json\/wp\/v2\/product"}],"about":[{"href":"https:\/\/baldumarket.lt\/lt\/wp-json\/wp\/v2\/types\/product"}],"replies":[{"embeddable":true,"href":"https:\/\/baldumarket.lt\/lt\/wp-json\/wp\/v2\/comments?post=289747"}],"wp:featuredmedia":[{"embeddable":true,"href":"https:\/\/baldumarket.lt\/lt\/wp-json\/wp\/v2\/media\/289748"}],"wp:attachment":[{"href":"https:\/\/baldumarket.lt\/lt\/wp-json\/wp\/v2\/media?parent=289747"}],"wp:term":[{"taxonomy":"product_brand","embeddable":true,"href":"https:\/\/baldumarket.lt\/lt\/wp-json\/wp\/v2\/product_brand?post=289747"},{"taxonomy":"product_cat","embeddable":true,"href":"https:\/\/baldumarket.lt\/lt\/wp-json\/wp\/v2\/product_cat?post=289747"},{"taxonomy":"product_tag","embeddable":true,"href":"https:\/\/baldumarket.lt\/lt\/wp-json\/wp\/v2\/product_tag?post=289747"}],"curies":[{"name":"wp","href":"https:\/\/api.w.org\/{rel}","templated":true}]}}