{"id":289742,"date":"2026-01-14T23:28:51","date_gmt":"2026-01-14T20:28:51","guid":{"rendered":"https:\/\/baldumarket.lt\/product\/mebloscianka-liam-asm\/"},"modified":"2026-02-11T18:17:01","modified_gmt":"2026-02-11T15:17:01","slug":"mebloscianka-liam-asm","status":"publish","type":"product","link":"https:\/\/baldumarket.lt\/lt\/product\/mebloscianka-liam-asm\/","title":{"rendered":"Liam ASM sieninis blokas"},"content":{"rendered":"<p>Sistema: Auk\u0161ta vitrina: stiklin\u0117s durel\u0117s su juodu aliuminio r\u0117mu. U\u017e j\u0173 yra keturios stiklin\u0117s lentynos su baltu LED ap\u0161vietimu. Standartin\u0117s durel\u0117s, viduje keturios \u012fprastos lentynos. Juodos medin\u0117s kojel\u0117s. \/ \u017dema vitrina: vienos stiklin\u0117s durel\u0117s su juodu aliuminio r\u0117mu. U\u017e j\u0173 yra dvi stiklin\u0117s lentynos su baltu LED ap\u0161vietimu. Standartin\u0117s durel\u0117s, viduje dvi \u012fprastos lentynos. Juodos medin\u0117s kojel\u0117s. \/ Televizoriaus spintel\u0117: 3 durel\u0117s, u\u017e kiekvien\u0173 dureli\u0173 yra po vien\u0105 skyri\u0173. Viduje vienos stiklin\u0117s durel\u0117s su juodu aliuminio r\u0117mu, u\u017e j\u0173 yra stiklin\u0117 lentyna, ap\u0161viesta baltu LED ap\u0161vietimu. Juodos medin\u0117s kojel\u0117s. \/ Lentyn\u0117l\u0117 \/ Spragtel\u0117jimo sistema. \/ Juodos juostel\u0117s atspausdintos priekyje.<\/p>","protected":false},"excerpt":{"rendered":"<p>Plotis (cm): 330<br \/>\n\u016agis (cm): 192<br \/>\nGylis (cm): 45<\/p>","protected":false},"featured_media":289743,"comment_status":"open","ping_status":"open","template":"","meta":[],"product_brand":[],"product_cat":[9202,2008],"product_tag":[],"class_list":{"0":"post-289742","1":"product","2":"type-product","3":"status-publish","4":"has-post-thumbnail","6":"product_cat-asm","7":"product_cat-wall-units","9":"first","10":"instock","11":"purchasable","12":"product-type-simple"},"_links":{"self":[{"href":"https:\/\/baldumarket.lt\/lt\/wp-json\/wp\/v2\/product\/289742","targetHints":{"allow":["GET"]}}],"collection":[{"href":"https:\/\/baldumarket.lt\/lt\/wp-json\/wp\/v2\/product"}],"about":[{"href":"https:\/\/baldumarket.lt\/lt\/wp-json\/wp\/v2\/types\/product"}],"replies":[{"embeddable":true,"href":"https:\/\/baldumarket.lt\/lt\/wp-json\/wp\/v2\/comments?post=289742"}],"wp:featuredmedia":[{"embeddable":true,"href":"https:\/\/baldumarket.lt\/lt\/wp-json\/wp\/v2\/media\/289743"}],"wp:attachment":[{"href":"https:\/\/baldumarket.lt\/lt\/wp-json\/wp\/v2\/media?parent=289742"}],"wp:term":[{"taxonomy":"product_brand","embeddable":true,"href":"https:\/\/baldumarket.lt\/lt\/wp-json\/wp\/v2\/product_brand?post=289742"},{"taxonomy":"product_cat","embeddable":true,"href":"https:\/\/baldumarket.lt\/lt\/wp-json\/wp\/v2\/product_cat?post=289742"},{"taxonomy":"product_tag","embeddable":true,"href":"https:\/\/baldumarket.lt\/lt\/wp-json\/wp\/v2\/product_tag?post=289742"}],"curies":[{"name":"wp","href":"https:\/\/api.w.org\/{rel}","templated":true}]}}