{"id":289729,"date":"2026-01-14T23:28:42","date_gmt":"2026-01-14T20:28:42","guid":{"rendered":"https:\/\/baldumarket.lt\/product\/szafka-wiszaca-1-switch-front-lamelowany-asm\/"},"modified":"2026-02-11T18:17:01","modified_gmt":"2026-02-11T15:17:01","slug":"szafka-wiszaca-1-switch-front-lamelowany-asm","status":"publish","type":"product","link":"https:\/\/baldumarket.lt\/lt\/product\/szafka-wiszaca-1-switch-front-lamelowany-asm\/","title":{"rendered":"Sienin\u0117 spintel\u0117 su 1 jungikliu, ASM laminuotu priekiu"},"content":{"rendered":"<p>Vertikali sienin\u0117 spintel\u0117 su vienomis durel\u0117mis. U\u017e dur\u0173 yra trys lentynos. Durys atsidaro spragtel\u0117jus. Durys skirtos universaliam montavimui. Priekin\u0117 dalis yra frezuota.<\/p>","protected":false},"excerpt":{"rendered":"<p>Plotis (cm): 30<br \/>\n\u016agis (cm): 180<br \/>\nGylis (cm): 30<\/p>","protected":false},"featured_media":289730,"comment_status":"open","ping_status":"open","template":"","meta":[],"product_brand":[],"product_cat":[9202,9120],"product_tag":[],"class_list":{"0":"post-289729","1":"product","2":"type-product","3":"status-publish","4":"has-post-thumbnail","6":"product_cat-asm","7":"product_cat-cabinets","9":"first","10":"instock","11":"purchasable","12":"product-type-simple"},"_links":{"self":[{"href":"https:\/\/baldumarket.lt\/lt\/wp-json\/wp\/v2\/product\/289729","targetHints":{"allow":["GET"]}}],"collection":[{"href":"https:\/\/baldumarket.lt\/lt\/wp-json\/wp\/v2\/product"}],"about":[{"href":"https:\/\/baldumarket.lt\/lt\/wp-json\/wp\/v2\/types\/product"}],"replies":[{"embeddable":true,"href":"https:\/\/baldumarket.lt\/lt\/wp-json\/wp\/v2\/comments?post=289729"}],"wp:featuredmedia":[{"embeddable":true,"href":"https:\/\/baldumarket.lt\/lt\/wp-json\/wp\/v2\/media\/289730"}],"wp:attachment":[{"href":"https:\/\/baldumarket.lt\/lt\/wp-json\/wp\/v2\/media?parent=289729"}],"wp:term":[{"taxonomy":"product_brand","embeddable":true,"href":"https:\/\/baldumarket.lt\/lt\/wp-json\/wp\/v2\/product_brand?post=289729"},{"taxonomy":"product_cat","embeddable":true,"href":"https:\/\/baldumarket.lt\/lt\/wp-json\/wp\/v2\/product_cat?post=289729"},{"taxonomy":"product_tag","embeddable":true,"href":"https:\/\/baldumarket.lt\/lt\/wp-json\/wp\/v2\/product_tag?post=289729"}],"curies":[{"name":"wp","href":"https:\/\/api.w.org\/{rel}","templated":true}]}}