{"id":289723,"date":"2026-01-14T23:28:37","date_gmt":"2026-01-14T20:28:37","guid":{"rendered":"https:\/\/baldumarket.lt\/product\/szafka-wiszaca-3-switch-front-lamelowany-asm\/"},"modified":"2026-02-11T18:17:01","modified_gmt":"2026-02-11T15:17:01","slug":"szafka-wiszaca-3-switch-front-lamelowany-asm","status":"publish","type":"product","link":"https:\/\/baldumarket.lt\/lt\/product\/szafka-wiszaca-3-switch-front-lamelowany-asm\/","title":{"rendered":"Sienin\u0117 spintel\u0117 su 3 jungikliai, ASM laminuotu priekiu"},"content":{"rendered":"<p>Kvadratin\u0117 sienin\u0117 spintel\u0117 su vienomis durel\u0117mis. U\u017e dur\u0173 yra viena lentyna. Durys atsidaro spragtel\u0117jus. Durys skirtos universaliam montavimui. Priekin\u0117 dalis yra frezuota.<\/p>","protected":false},"excerpt":{"rendered":"<p>Plotis (cm): 60<br \/>\n\u016agis (cm): 60<br \/>\nGylis (cm): 30<\/p>","protected":false},"featured_media":289724,"comment_status":"open","ping_status":"open","template":"","meta":[],"product_brand":[],"product_cat":[9202,9120],"product_tag":[],"class_list":{"0":"post-289723","1":"product","2":"type-product","3":"status-publish","4":"has-post-thumbnail","6":"product_cat-asm","7":"product_cat-cabinets","9":"first","10":"instock","11":"purchasable","12":"product-type-simple"},"_links":{"self":[{"href":"https:\/\/baldumarket.lt\/lt\/wp-json\/wp\/v2\/product\/289723","targetHints":{"allow":["GET"]}}],"collection":[{"href":"https:\/\/baldumarket.lt\/lt\/wp-json\/wp\/v2\/product"}],"about":[{"href":"https:\/\/baldumarket.lt\/lt\/wp-json\/wp\/v2\/types\/product"}],"replies":[{"embeddable":true,"href":"https:\/\/baldumarket.lt\/lt\/wp-json\/wp\/v2\/comments?post=289723"}],"wp:featuredmedia":[{"embeddable":true,"href":"https:\/\/baldumarket.lt\/lt\/wp-json\/wp\/v2\/media\/289724"}],"wp:attachment":[{"href":"https:\/\/baldumarket.lt\/lt\/wp-json\/wp\/v2\/media?parent=289723"}],"wp:term":[{"taxonomy":"product_brand","embeddable":true,"href":"https:\/\/baldumarket.lt\/lt\/wp-json\/wp\/v2\/product_brand?post=289723"},{"taxonomy":"product_cat","embeddable":true,"href":"https:\/\/baldumarket.lt\/lt\/wp-json\/wp\/v2\/product_cat?post=289723"},{"taxonomy":"product_tag","embeddable":true,"href":"https:\/\/baldumarket.lt\/lt\/wp-json\/wp\/v2\/product_tag?post=289723"}],"curies":[{"name":"wp","href":"https:\/\/api.w.org\/{rel}","templated":true}]}}