{"id":289712,"date":"2026-01-14T23:28:29","date_gmt":"2026-01-14T20:28:29","guid":{"rendered":"https:\/\/baldumarket.lt\/product\/lozko-dzieciece-tymmi-hause-asm\/"},"modified":"2026-02-11T18:17:01","modified_gmt":"2026-02-11T15:17:01","slug":"lozko-dzieciece-tymmi-hause-asm","status":"publish","type":"product","link":"https:\/\/baldumarket.lt\/lt\/product\/lozko-dzieciece-tymmi-hause-asm\/","title":{"rendered":"Tymmi Hause ASM vaiki\u0161ka lova"},"content":{"rendered":"<p>Lova pagaminta i\u0161 pu\u0161ies medienos (i\u0161 FSC sertifikuot\u0173 mi\u0161k\u0173). Balta. \u012e komplekt\u0105 \u012feina grotel\u0117s. \u012e komplekt\u0105 \u012feina \u0161onin\u0117s apsaugos. Lovos pagamintos Europoje ir atitinka visus reikiamus standartus. Lova neturi \u010diu\u017einio ir stal\u010diaus. Lovos pagamintos pagal naujausius standartus: PN-EN 716-1: 2017 \/ PN-EN 716-2: 2017. Suderinamas \u010diu\u017einys: 160 cm x 80 cm x 10 cm.<\/p>","protected":false},"excerpt":{"rendered":"<p>Plotis (cm): 164<br \/>\n\u016agis (cm): 145<br \/>\nGylis (cm): 89<\/p>","protected":false},"featured_media":289713,"comment_status":"open","ping_status":"open","template":"","meta":[],"product_brand":[],"product_cat":[9202,505],"product_tag":[],"class_list":{"0":"post-289712","1":"product","2":"type-product","3":"status-publish","4":"has-post-thumbnail","6":"product_cat-asm","7":"product_cat-bedroom-beds","9":"first","10":"instock","11":"purchasable","12":"product-type-simple"},"_links":{"self":[{"href":"https:\/\/baldumarket.lt\/lt\/wp-json\/wp\/v2\/product\/289712","targetHints":{"allow":["GET"]}}],"collection":[{"href":"https:\/\/baldumarket.lt\/lt\/wp-json\/wp\/v2\/product"}],"about":[{"href":"https:\/\/baldumarket.lt\/lt\/wp-json\/wp\/v2\/types\/product"}],"replies":[{"embeddable":true,"href":"https:\/\/baldumarket.lt\/lt\/wp-json\/wp\/v2\/comments?post=289712"}],"wp:featuredmedia":[{"embeddable":true,"href":"https:\/\/baldumarket.lt\/lt\/wp-json\/wp\/v2\/media\/289713"}],"wp:attachment":[{"href":"https:\/\/baldumarket.lt\/lt\/wp-json\/wp\/v2\/media?parent=289712"}],"wp:term":[{"taxonomy":"product_brand","embeddable":true,"href":"https:\/\/baldumarket.lt\/lt\/wp-json\/wp\/v2\/product_brand?post=289712"},{"taxonomy":"product_cat","embeddable":true,"href":"https:\/\/baldumarket.lt\/lt\/wp-json\/wp\/v2\/product_cat?post=289712"},{"taxonomy":"product_tag","embeddable":true,"href":"https:\/\/baldumarket.lt\/lt\/wp-json\/wp\/v2\/product_tag?post=289712"}],"curies":[{"name":"wp","href":"https:\/\/api.w.org\/{rel}","templated":true}]}}