{"id":289676,"date":"2026-01-14T23:28:04","date_gmt":"2026-01-14T20:28:04","guid":{"rendered":"https:\/\/baldumarket.lt\/product\/lozko-dzieciece-ala-ii-asm\/"},"modified":"2026-02-11T18:17:03","modified_gmt":"2026-02-11T15:17:03","slug":"lozko-dzieciece-ala-ii-asm","status":"publish","type":"product","link":"https:\/\/baldumarket.lt\/lt\/product\/lozko-dzieciece-ala-ii-asm\/","title":{"rendered":"Ala II ASM vaiki\u0161ka lova"},"content":{"rendered":"<p>Pagaminta i\u0161 pu\u0161ies medienos (i\u0161 FSC sertifikuot\u0173 mi\u0161k\u0173). Reguliuojamas groteli\u0173 auk\u0161tis. 3 nuimami laipteliai. Modeliuoti galv\u016bgalio r\u0117mai. Atitinka EN 716-1: 2008 + A1: 2013 ir EN 716-2: 2008 + A1: 2013 standartus. Da\u017eyta pagal EN 71-3: 2013 standart\u0105.<\/p>","protected":false},"excerpt":{"rendered":"<p>Plotis (cm): 124<br \/>\n\u016agis (cm): 93<br \/>\nGylis (cm): 65<\/p>","protected":false},"featured_media":289677,"comment_status":"open","ping_status":"open","template":"","meta":[],"product_brand":[],"product_cat":[9202,505],"product_tag":[],"class_list":{"0":"post-289676","1":"product","2":"type-product","3":"status-publish","4":"has-post-thumbnail","6":"product_cat-asm","7":"product_cat-bedroom-beds","9":"first","10":"instock","11":"purchasable","12":"product-type-simple"},"_links":{"self":[{"href":"https:\/\/baldumarket.lt\/lt\/wp-json\/wp\/v2\/product\/289676","targetHints":{"allow":["GET"]}}],"collection":[{"href":"https:\/\/baldumarket.lt\/lt\/wp-json\/wp\/v2\/product"}],"about":[{"href":"https:\/\/baldumarket.lt\/lt\/wp-json\/wp\/v2\/types\/product"}],"replies":[{"embeddable":true,"href":"https:\/\/baldumarket.lt\/lt\/wp-json\/wp\/v2\/comments?post=289676"}],"wp:featuredmedia":[{"embeddable":true,"href":"https:\/\/baldumarket.lt\/lt\/wp-json\/wp\/v2\/media\/289677"}],"wp:attachment":[{"href":"https:\/\/baldumarket.lt\/lt\/wp-json\/wp\/v2\/media?parent=289676"}],"wp:term":[{"taxonomy":"product_brand","embeddable":true,"href":"https:\/\/baldumarket.lt\/lt\/wp-json\/wp\/v2\/product_brand?post=289676"},{"taxonomy":"product_cat","embeddable":true,"href":"https:\/\/baldumarket.lt\/lt\/wp-json\/wp\/v2\/product_cat?post=289676"},{"taxonomy":"product_tag","embeddable":true,"href":"https:\/\/baldumarket.lt\/lt\/wp-json\/wp\/v2\/product_tag?post=289676"}],"curies":[{"name":"wp","href":"https:\/\/api.w.org\/{rel}","templated":true}]}}