{"id":289671,"date":"2026-01-14T23:28:01","date_gmt":"2026-01-14T20:28:01","guid":{"rendered":"https:\/\/baldumarket.lt\/product\/lozko-dzieciece-cypi-ii-plus-z-materacem-asm\/"},"modified":"2026-02-11T18:17:03","modified_gmt":"2026-02-11T15:17:03","slug":"lozko-dzieciece-cypi-ii-plus-z-materacem-asm","status":"publish","type":"product","link":"https:\/\/baldumarket.lt\/lt\/product\/lozko-dzieciece-cypi-ii-plus-z-materacem-asm\/","title":{"rendered":"\u201eCypi II Plus\u201c vaiki\u0161ka lova su ASM \u010diu\u017einiu"},"content":{"rendered":"<p>Pagaminta i\u0161 pu\u0161ies medienos (i\u0161 FSC sertifikuot\u0173 mi\u0161k\u0173). Po A31:AU32 pagrindu yra stal\u010dius per vis\u0105 ilg\u012f, i\u0161traukiamas ant ritinini\u0173 b\u0117geli\u0173. Reguliuojamo auk\u0161\u010dio skersiniai. 3 nuimamos skersiniai. Ties\u016bs galv\u016bgalio r\u0117mai. Atitinka EN 716-1: 2008 + A1: 2013 ir EN 716-2: 2008 + A1: 2013 standartus. Da\u017eymas atitinka EN 71-3: 2013 standart\u0105.<\/p>","protected":false},"excerpt":{"rendered":"<p>Plotis (cm): 124<br \/>\n\u016agis (cm): 89<br \/>\nGylis (cm): 65<\/p>","protected":false},"featured_media":289672,"comment_status":"open","ping_status":"open","template":"","meta":[],"product_brand":[],"product_cat":[9202,505],"product_tag":[],"class_list":{"0":"post-289671","1":"product","2":"type-product","3":"status-publish","4":"has-post-thumbnail","6":"product_cat-asm","7":"product_cat-bedroom-beds","9":"first","10":"instock","11":"purchasable","12":"product-type-simple"},"_links":{"self":[{"href":"https:\/\/baldumarket.lt\/lt\/wp-json\/wp\/v2\/product\/289671","targetHints":{"allow":["GET"]}}],"collection":[{"href":"https:\/\/baldumarket.lt\/lt\/wp-json\/wp\/v2\/product"}],"about":[{"href":"https:\/\/baldumarket.lt\/lt\/wp-json\/wp\/v2\/types\/product"}],"replies":[{"embeddable":true,"href":"https:\/\/baldumarket.lt\/lt\/wp-json\/wp\/v2\/comments?post=289671"}],"wp:featuredmedia":[{"embeddable":true,"href":"https:\/\/baldumarket.lt\/lt\/wp-json\/wp\/v2\/media\/289672"}],"wp:attachment":[{"href":"https:\/\/baldumarket.lt\/lt\/wp-json\/wp\/v2\/media?parent=289671"}],"wp:term":[{"taxonomy":"product_brand","embeddable":true,"href":"https:\/\/baldumarket.lt\/lt\/wp-json\/wp\/v2\/product_brand?post=289671"},{"taxonomy":"product_cat","embeddable":true,"href":"https:\/\/baldumarket.lt\/lt\/wp-json\/wp\/v2\/product_cat?post=289671"},{"taxonomy":"product_tag","embeddable":true,"href":"https:\/\/baldumarket.lt\/lt\/wp-json\/wp\/v2\/product_tag?post=289671"}],"curies":[{"name":"wp","href":"https:\/\/api.w.org\/{rel}","templated":true}]}}